{"id":46,"date":"2017-10-06T22:30:09","date_gmt":"2017-10-06T20:30:09","guid":{"rendered":"http:\/\/localhost\/misc\/mskosticka\/www\/?page_id=21"},"modified":"2024-03-05T20:51:00","modified_gmt":"2024-03-05T19:51:00","slug":"kontakt","status":"publish","type":"page","link":"https:\/\/mskosticka.cz\/skritci\/kontakt\/","title":{"rendered":"Kontakt"},"content":{"rendered":"<p><strong>M\u0160 Kosti\u010dka, p\u0159\u00edsp\u011bvkov\u00e1 organizace,<\/strong><br \/>\n<strong>Milovice-Mlad\u00e1,<\/strong><br \/>\n<strong>Tyr\u0161ova 1500,<\/strong><br \/>\n<strong> 289\u00a023 MILOVICE<\/strong><br \/>\nI\u010c: 72536691<br \/>\nE-mail:\u00a0<a href=\"mailto:info@mskosticka.cz\">info@mskosticka.cz<\/a><br \/>\nTelefon: \u00a0<strong>724 354 534<\/strong>, <strong>725 980 791<\/strong><br \/>\nDatov\u00e1 Schr\u00e1nka: 5k3356t<\/p>\n<p>\u0158editelka \u0161koly: \u00a0Mgr. Jana K\u0159i\u0161\u0165anov\u00e1<br \/>\n\u00fa\u0159edn\u00ed hodiny: st\u0159eda 10:00 &#8211; 17:00<\/p>\n<p>WEB: https:\/\/www.mskosticka.cz<br \/>\nE-mail:\u00a0<a href=\"mailto:jana.kristanova@mskosticka.cz\">jana.kristanova@mskosticka.cz<\/a><br \/>\nFacebook \u2013\u00a0<a href=\"https:\/\/www.facebook.com\/mskosticka\" target=\"_blank\" rel=\"noopener\">https:\/\/www.facebook.com\/mskosticka<\/a><br \/>\nkam n\u00e1m m\u016f\u017eete napsat svoje n\u00e1zory, p\u0159\u00e1n\u00ed a p\u0159ipom\u00ednky a eventu\u00e1ln\u011b diskutovat s ostatn\u00edmi.<\/p>\n<p>&nbsp;<\/p>\n<p>&nbsp;<\/p>\n<p>Pov\u011b\u0159enec pro ochranu osobn\u00edch \u00fadaj\u016f pro M\u0160 Kosticka je:<\/p>\n<p><strong>BDO Advisory s.r.o.<\/strong><br \/>\nROMAN \u0160M\u00cdD<br \/>\nSenior consultant<br \/>\ntel.: +420\u00a0724 602 134<br \/>\nmail.: roman.smid@bdo.cz<br \/>\nKarolinsk\u00e1 661\/4<br \/>\n186 00 Praha 8<br \/>\nCZECH REPUBLIC<br \/>\nwww.bdo.cz<\/p>\n<p><strong>Dokumenty GDPR<\/strong><\/p>\n<p><a href=\"http:\/\/www.mskosticka.cz\/skritci\/wp-content\/uploads\/sites\/2\/2019\/10\/Informa\u010dn\u00ed-memorandum-\u017e\u00e1k.pdf\">Informa\u010dn\u00ed memorandum &#8211; \u017e\u00e1k<\/a><\/p>\n","protected":false},"excerpt":{"rendered":"<p>M\u0160 Kosti\u010dka, p\u0159\u00edsp\u011bvkov\u00e1 organizace, Milovice-Mlad\u00e1, Tyr\u0161ova 1500, 289\u00a023 MILOVICE I\u010c: 72536691 E-mail:\u00a0info@mskosticka.cz Telefon: \u00a0724 354 534, 725 980 791 Datov\u00e1 &hellip;<\/p>\n","protected":false},"author":2,"featured_media":0,"parent":0,"menu_order":2,"comment_status":"closed","ping_status":"closed","template":"contact.php","meta":{"footnotes":""},"class_list":["post-46","page","type-page","status-publish","hentry"],"_links":{"self":[{"href":"https:\/\/mskosticka.cz\/skritci\/wp-json\/wp\/v2\/pages\/46","targetHints":{"allow":["GET"]}}],"collection":[{"href":"https:\/\/mskosticka.cz\/skritci\/wp-json\/wp\/v2\/pages"}],"about":[{"href":"https:\/\/mskosticka.cz\/skritci\/wp-json\/wp\/v2\/types\/page"}],"author":[{"embeddable":true,"href":"https:\/\/mskosticka.cz\/skritci\/wp-json\/wp\/v2\/users\/2"}],"replies":[{"embeddable":true,"href":"https:\/\/mskosticka.cz\/skritci\/wp-json\/wp\/v2\/comments?post=46"}],"version-history":[{"count":8,"href":"https:\/\/mskosticka.cz\/skritci\/wp-json\/wp\/v2\/pages\/46\/revisions"}],"predecessor-version":[{"id":23916,"href":"https:\/\/mskosticka.cz\/skritci\/wp-json\/wp\/v2\/pages\/46\/revisions\/23916"}],"wp:attachment":[{"href":"https:\/\/mskosticka.cz\/skritci\/wp-json\/wp\/v2\/media?parent=46"}],"curies":[{"name":"wp","href":"https:\/\/api.w.org\/{rel}","templated":true}]}}