{"id":47,"date":"2017-10-06T22:30:23","date_gmt":"2017-10-06T20:30:23","guid":{"rendered":"http:\/\/localhost\/misc\/mskosticka\/www\/?page_id=23"},"modified":"2025-12-10T01:42:33","modified_gmt":"2025-12-10T00:42:33","slug":"dokumenty","status":"publish","type":"page","link":"https:\/\/mskosticka.cz\/skritci\/dokumenty\/","title":{"rendered":"Dokumenty"},"content":{"rendered":"<p style=\"text-align: center\"><a href=\"\/skritci\/wp-content\/uploads\/sites\/2\/2017\/11\/projekty-internet.pdf\">Projekty, kter\u00e9 se staly v Kosti\u010dce tradic\u00ed<\/a><br \/>\n<a href=\"\/skritci\/wp-content\/uploads\/sites\/2\/2017\/11\/koncepce.pdf\">Koncepce mate\u0159sk\u00e9 \u0161koly Kosti\u010dka<\/a><br \/>\n<a href=\"http:\/\/www.mskosticka.cz\/skritci\/wp-content\/uploads\/sites\/2\/2024\/01\/Skolni-rad-2023_kosticka.pdf\">\u0160koln\u00ed \u0159\u00e1d<\/a><br \/>\n<a href=\"\/skritci\/wp-content\/uploads\/sites\/2\/2017\/11\/zadost_o_planovane_uvolneni_ditete_z_MS_Kosticka.pdf\">\u017d\u00e1dost o pl\u00e1novan\u00e9 uvoln\u011bn\u00ed d\u00edt\u011bte z M\u0160 Kosti\u010dka<\/a><\/p>\n<p>V\u00fdchovn\u011b vzd\u011bl\u00e1vac\u00ed proces je v M\u0160 Kosti\u010dka koncipov\u00e1n v souladu se\u00a0\u0161koln\u00edm vzd\u011bl\u00e1vac\u00edm programem\u00a0<b><i>\u201eZem\u011b, Ohe\u0148, Voda, Vzduch tvo\u0159\u00ed dokonal\u00fd kruh\u201c<\/i><\/b>, kter\u00fd je jako dokument voln\u011b k nahl\u00e9dnut\u00ed v chodb\u00e1ch \u0161koly a v ka\u017ed\u00e9 t\u0159\u00edd\u011b u pan\u00ed u\u010ditelek.<\/p>\n<p style=\"text-align: left\"><span style=\"font-size: 1.0625rem;letter-spacing: -0.0625rem\"><img loading=\"lazy\" decoding=\"async\" class=\" wp-image-885 alignleft\" src=\"\/skritci\/wp-content\/uploads\/sites\/2\/2017\/10\/znak.png\" alt=\"\" width=\"90\" height=\"104\" \/>Zde je odkaz na internetov\u00e9 str\u00e1nky m\u011bsta Milovice, kde jsou zve\u0159ejn\u011bny n\u00e1vrhy rozpo\u010dt\u016f na rok 2026 a n\u00e1vrhy st\u0159edn\u011bdob\u00fdch v\u00fdhled\u016f na roky 2027-2028 v\u0161ech p\u0159\u00edsp\u011bvkov\u00fdch organizac\u00ed m\u011bsta Milovice.<br \/>\n<\/span><\/p>\n<p style=\"text-align: left\"><a href=\"https:\/\/mesto-milovice.cz\/ms-kosticka\/ds-1180\/p1=11596\"><span style=\"font-size: 1.0625rem;letter-spacing: -0.0625rem\">Odkaz na rozpo\u010det M\u0160 Kosti\u010dka m\u011bsta Milovice nad Labem<\/span><\/a><\/p>\n","protected":false},"excerpt":{"rendered":"<p>Projekty, kter\u00e9 se staly v Kosti\u010dce tradic\u00ed Koncepce mate\u0159sk\u00e9 \u0161koly Kosti\u010dka \u0160koln\u00ed \u0159\u00e1d \u017d\u00e1dost o pl\u00e1novan\u00e9 uvoln\u011bn\u00ed d\u00edt\u011bte z M\u0160 &hellip;<\/p>\n","protected":false},"author":2,"featured_media":0,"parent":0,"menu_order":3,"comment_status":"closed","ping_status":"closed","template":"","meta":{"footnotes":""},"class_list":["post-47","page","type-page","status-publish","hentry"],"_links":{"self":[{"href":"https:\/\/mskosticka.cz\/skritci\/wp-json\/wp\/v2\/pages\/47","targetHints":{"allow":["GET"]}}],"collection":[{"href":"https:\/\/mskosticka.cz\/skritci\/wp-json\/wp\/v2\/pages"}],"about":[{"href":"https:\/\/mskosticka.cz\/skritci\/wp-json\/wp\/v2\/types\/page"}],"author":[{"embeddable":true,"href":"https:\/\/mskosticka.cz\/skritci\/wp-json\/wp\/v2\/users\/2"}],"replies":[{"embeddable":true,"href":"https:\/\/mskosticka.cz\/skritci\/wp-json\/wp\/v2\/comments?post=47"}],"version-history":[{"count":15,"href":"https:\/\/mskosticka.cz\/skritci\/wp-json\/wp\/v2\/pages\/47\/revisions"}],"predecessor-version":[{"id":24807,"href":"https:\/\/mskosticka.cz\/skritci\/wp-json\/wp\/v2\/pages\/47\/revisions\/24807"}],"wp:attachment":[{"href":"https:\/\/mskosticka.cz\/skritci\/wp-json\/wp\/v2\/media?parent=47"}],"curies":[{"name":"wp","href":"https:\/\/api.w.org\/{rel}","templated":true}]}}