{"id":476,"date":"2016-11-28T11:07:59","date_gmt":"2016-11-28T10:07:59","guid":{"rendered":"http:\/\/misc.david-stary.cz\/mskosticka\/www\/?page_id=476"},"modified":"2018-12-26T21:07:04","modified_gmt":"2018-12-26T20:07:04","slug":"uzavreni-ms-ve-skolnim-roce-201617","status":"publish","type":"page","link":"https:\/\/mskosticka.cz\/skritci\/aktuality\/uzavreni-ms-ve-skolnim-roce-201617\/","title":{"rendered":"Uzav\u0159en\u00ed M\u0160 ve \u0161koln\u00edm roce 2016\/17"},"content":{"rendered":"<p>V\u00e1\u017een\u00ed rodi\u010de,<br \/>\nKosti\u010dka bude uzav\u0159ena v dob\u011b v\u00e1no\u010dn\u00edch pr\u00e1zdnin, t.j. od 23.12.16 do 2.1.2017 v\u010detn\u011b. To znam\u011bn\u00e1, \u017ee v pond\u011bl\u00ed 2.ledna bude \u0161kolka je\u0161t\u011b uzav\u0159en\u00e1. V provozu bude op\u011bt od 3.ledna 2017.<br \/>\nO hlavn\u00edch pr\u00e1zdnin\u00e1ch bude M\u0160 Kosti\u010dka uzav\u0159ena cel\u00fd srpen 2017. V \u010dervenci bude \u0161kolka v provozu.<br \/>\nZajist\u011bte si pros\u00edm v\u010das n\u00e1hradn\u00ed pr\u00e1zdninov\u00e9 um\u00edst\u011bn\u00ed d\u011bt\u00ed v jin\u00e9 M\u0160.<br \/>\nD\u011bkujeme v\u00e1m za pochopen\u00ed.<br \/>\n<strong>V\u00fdpis z\u00a0usnesen\u00ed RM \u010d.34\/2016 ze dne 2.11.2016<\/strong><br \/>\nRada m\u011bsta Va\u0161i \u017e\u00e1dost o uzav\u0159en\u00ed M\u0160 Kosti\u010dka, p\u0159\u00edsp\u011bvkov\u00e1 organizace Milovice -Mlad\u00e1 v\u00a0dob\u011b pr\u00e1zdnin ve \u0161koln\u00edm roce 2016\/2017 v\u00a0obdob\u00ed v\u00e1no\u010dn\u00edch a hlavn\u00edch letn\u00edch pr\u00e1zdnin projednala a p\u0159ijala n\u00e1sleduj\u00edc\u00ed usnesen\u00ed:<br \/>\n<strong>Usnesen\u00ed \u010d. 598\/2016<\/strong><br \/>\nRada m\u011bsta<br \/>\n<strong>a) schvaluje<\/strong> uzav\u0159en\u00ed provozu p\u0159\u00edsp\u011bvkov\u00e9 organizace \u201eMate\u0159sk\u00e1 \u0161kola Kosti\u010dka, p\u0159\u00edsp\u011bvkov\u00e1 organizace Milovice \u2013 Mlad\u00e1\u201c v\u00a0obdob\u00ed v\u00e1no\u010dn\u00edch pr\u00e1zdnin od 23. 12. 2016 do 2. 1. 2017,<br \/>\n<strong>b) schvaluje<\/strong> uzav\u0159en\u00ed provozu p\u0159\u00edsp\u011bvkov\u00e9 organizace \u201eMate\u0159sk\u00e1 \u0161kola Kosti\u010dka, p\u0159\u00edsp\u011bvkov\u00e1 organizace Milovice \u2013 Mlad\u00e1\u201c v\u00a0obdob\u00ed hlavn\u00edch letn\u00edch pr\u00e1zdnin od 1. 8. 2017 do 31. 8. 2017.<br \/>\n<strong>Hlasov\u00e1n\u00ed: pro 5, proti 0, zdr\u017eel se 0.<\/strong><\/p>\n","protected":false},"excerpt":{"rendered":"<p>V\u00e1\u017een\u00ed rodi\u010de, Kosti\u010dka bude uzav\u0159ena v dob\u011b v\u00e1no\u010dn\u00edch pr\u00e1zdnin, t.j. od 23.12.16 do 2.1.2017 v\u010detn\u011b. To znam\u011bn\u00e1, \u017ee v pond\u011bl\u00ed &hellip;<\/p>\n","protected":false},"author":2,"featured_media":0,"parent":40,"menu_order":63,"comment_status":"closed","ping_status":"closed","template":"news.php","meta":{"footnotes":""},"class_list":["post-476","page","type-page","status-publish","hentry"],"_links":{"self":[{"href":"https:\/\/mskosticka.cz\/skritci\/wp-json\/wp\/v2\/pages\/476","targetHints":{"allow":["GET"]}}],"collection":[{"href":"https:\/\/mskosticka.cz\/skritci\/wp-json\/wp\/v2\/pages"}],"about":[{"href":"https:\/\/mskosticka.cz\/skritci\/wp-json\/wp\/v2\/types\/page"}],"author":[{"embeddable":true,"href":"https:\/\/mskosticka.cz\/skritci\/wp-json\/wp\/v2\/users\/2"}],"replies":[{"embeddable":true,"href":"https:\/\/mskosticka.cz\/skritci\/wp-json\/wp\/v2\/comments?post=476"}],"version-history":[{"count":1,"href":"https:\/\/mskosticka.cz\/skritci\/wp-json\/wp\/v2\/pages\/476\/revisions"}],"predecessor-version":[{"id":13258,"href":"https:\/\/mskosticka.cz\/skritci\/wp-json\/wp\/v2\/pages\/476\/revisions\/13258"}],"up":[{"embeddable":true,"href":"https:\/\/mskosticka.cz\/skritci\/wp-json\/wp\/v2\/pages\/40"}],"wp:attachment":[{"href":"https:\/\/mskosticka.cz\/skritci\/wp-json\/wp\/v2\/media?parent=476"}],"curies":[{"name":"wp","href":"https:\/\/api.w.org\/{rel}","templated":true}]}}