{"id":498,"date":"2017-11-05T11:15:10","date_gmt":"2017-11-05T10:15:10","guid":{"rendered":"http:\/\/misc.david-stary.cz\/mskosticka\/www\/?page_id=498"},"modified":"2018-12-26T21:07:05","modified_gmt":"2018-12-26T20:07:05","slug":"uzavreni-ms-ve-skolnim-roce-20172018","status":"publish","type":"page","link":"https:\/\/mskosticka.cz\/skritci\/aktuality\/uzavreni-ms-ve-skolnim-roce-20172018\/","title":{"rendered":"Uzav\u0159en\u00ed M\u0160 ve \u0161koln\u00edm roce 2017\/2018"},"content":{"rendered":"<p>V\u00e1\u017een\u00ed a mil\u00ed rodi\u010de,<br \/>\nuzav\u0159en\u00ed M\u0160 Kosti\u010dka je pl\u00e1nov\u00e1no a odsouhlaseno Radou M\u011bsta Milovic dne 1.11.2017 na n\u00e1sledovn\u00e9 obdob\u00ed :<br \/>\nV\u00e1no\u010dn\u00ed pr\u00e1zdniny : od 27.12 2017 do 2.1.2018<br \/>\nHlavn\u00ed letn\u00ed pr\u00e1zdniny: od 2. 7. do 31. 7. 2018<\/p>\n<table>\n<tbody>\n<tr>\n<td><\/td>\n<td>V\u00e1no\u010dn\u00ed pr\u00e1zdniny<\/td>\n<td>Letn\u00ed pr\u00e1zdniny<\/td>\n<\/tr>\n<tr>\n<td>Z\u0160 a M\u0160 Juventa<\/td>\n<td>27. 12. \u2013 2. 1. 2018<\/td>\n<td>2. 7. \u2013 31. 7. 2018<\/td>\n<\/tr>\n<tr>\n<td>M\u0160 U Brou\u010dk\u016f<\/td>\n<td>27. 12. \u2013 2. 1. 2018<\/td>\n<td>2. 7. \u2013 31. 7. 2018<\/td>\n<\/tr>\n<tr>\n<td>M\u0160 Slun\u00ed\u010dko<\/td>\n<td>27. 12. \u2013 2. 1. 2018<\/td>\n<td>1. 8. \u2013 31. 8. 2018<\/td>\n<\/tr>\n<tr>\n<td>M\u0160 Kosti\u010dka<\/td>\n<td>27. 12. \u2013 2. 1. 2018<\/td>\n<td>2. 7. \u2013 31. 7. 2018<\/td>\n<\/tr>\n<\/tbody>\n<\/table>\n<p>D\u011bkujeme v\u00e1m za pochopen\u00ed&#8230;<\/p>\n","protected":false},"excerpt":{"rendered":"<p>V\u00e1\u017een\u00ed a mil\u00ed rodi\u010de, uzav\u0159en\u00ed M\u0160 Kosti\u010dka je pl\u00e1nov\u00e1no a odsouhlaseno Radou M\u011bsta Milovic dne 1.11.2017 na n\u00e1sledovn\u00e9 obdob\u00ed : &hellip;<\/p>\n","protected":false},"author":2,"featured_media":0,"parent":40,"menu_order":72,"comment_status":"closed","ping_status":"closed","template":"news.php","meta":{"footnotes":""},"class_list":["post-498","page","type-page","status-publish","hentry"],"_links":{"self":[{"href":"https:\/\/mskosticka.cz\/skritci\/wp-json\/wp\/v2\/pages\/498","targetHints":{"allow":["GET"]}}],"collection":[{"href":"https:\/\/mskosticka.cz\/skritci\/wp-json\/wp\/v2\/pages"}],"about":[{"href":"https:\/\/mskosticka.cz\/skritci\/wp-json\/wp\/v2\/types\/page"}],"author":[{"embeddable":true,"href":"https:\/\/mskosticka.cz\/skritci\/wp-json\/wp\/v2\/users\/2"}],"replies":[{"embeddable":true,"href":"https:\/\/mskosticka.cz\/skritci\/wp-json\/wp\/v2\/comments?post=498"}],"version-history":[{"count":1,"href":"https:\/\/mskosticka.cz\/skritci\/wp-json\/wp\/v2\/pages\/498\/revisions"}],"predecessor-version":[{"id":13267,"href":"https:\/\/mskosticka.cz\/skritci\/wp-json\/wp\/v2\/pages\/498\/revisions\/13267"}],"up":[{"embeddable":true,"href":"https:\/\/mskosticka.cz\/skritci\/wp-json\/wp\/v2\/pages\/40"}],"wp:attachment":[{"href":"https:\/\/mskosticka.cz\/skritci\/wp-json\/wp\/v2\/media?parent=498"}],"curies":[{"name":"wp","href":"https:\/\/api.w.org\/{rel}","templated":true}]}}