{"id":50,"date":"2017-10-06T22:31:18","date_gmt":"2017-10-06T20:31:18","guid":{"rendered":"http:\/\/localhost\/misc\/mskosticka\/www\/?page_id=29"},"modified":"2024-02-06T21:52:39","modified_gmt":"2024-02-06T20:52:39","slug":"jidelnicek","status":"publish","type":"page","link":"https:\/\/mskosticka.cz\/skritci\/jidelnicek\/","title":{"rendered":"J\u00eddeln\u00ed\u010dek"},"content":{"rendered":"<p>Stravu pro na\u0161i \u0161kolku zaji\u0161\u0165uje firma Primirest, kter\u00e1 od ledna 2014 va\u0159\u00ed pro d\u011bti z Milovic ve \u0161koln\u00ed kuchyni Z\u0160 Juventa.<\/p>\n<p>S p\u0159\u00edpadn\u00fdmi dotazy se obracejte na vedouc\u00edho \u0161koln\u00ed j\u00eddelny na tel: 731 438 384<\/p>\n<p>Na aktu\u00e1ln\u00ed j\u00eddeln\u00ed\u010dek se m\u016f\u017eete pod\u00edvat: <strong><a href=\"https:\/\/mujprimirest.cz\/anonymous\/CS\/boarding\/3033?boarderGroupNumber=700\">ZDE<\/a><\/strong><\/p>\n","protected":false},"excerpt":{"rendered":"<p>Stravu pro na\u0161i \u0161kolku zaji\u0161\u0165uje firma Primirest, kter\u00e1 od ledna 2014 va\u0159\u00ed pro d\u011bti z Milovic ve \u0161koln\u00ed kuchyni Z\u0160 &hellip;<\/p>\n","protected":false},"author":2,"featured_media":0,"parent":0,"menu_order":6,"comment_status":"closed","ping_status":"closed","template":"diet.php","meta":{"footnotes":""},"class_list":["post-50","page","type-page","status-publish","hentry"],"_links":{"self":[{"href":"https:\/\/mskosticka.cz\/skritci\/wp-json\/wp\/v2\/pages\/50","targetHints":{"allow":["GET"]}}],"collection":[{"href":"https:\/\/mskosticka.cz\/skritci\/wp-json\/wp\/v2\/pages"}],"about":[{"href":"https:\/\/mskosticka.cz\/skritci\/wp-json\/wp\/v2\/types\/page"}],"author":[{"embeddable":true,"href":"https:\/\/mskosticka.cz\/skritci\/wp-json\/wp\/v2\/users\/2"}],"replies":[{"embeddable":true,"href":"https:\/\/mskosticka.cz\/skritci\/wp-json\/wp\/v2\/comments?post=50"}],"version-history":[{"count":7,"href":"https:\/\/mskosticka.cz\/skritci\/wp-json\/wp\/v2\/pages\/50\/revisions"}],"predecessor-version":[{"id":23779,"href":"https:\/\/mskosticka.cz\/skritci\/wp-json\/wp\/v2\/pages\/50\/revisions\/23779"}],"wp:attachment":[{"href":"https:\/\/mskosticka.cz\/skritci\/wp-json\/wp\/v2\/media?parent=50"}],"curies":[{"name":"wp","href":"https:\/\/api.w.org\/{rel}","templated":true}]}}