{"id":506,"date":"2012-01-29T11:19:39","date_gmt":"2012-01-29T10:19:39","guid":{"rendered":"http:\/\/misc.david-stary.cz\/mskosticka\/www\/?page_id=506"},"modified":"2024-02-02T11:14:51","modified_gmt":"2024-02-02T10:14:51","slug":"strom-z-papiru-nebo-papir-ze-stromu","status":"publish","type":"page","link":"https:\/\/mskosticka.cz\/skritci\/kalendar-akci\/strom-z-papiru-nebo-papir-ze-stromu\/","title":{"rendered":"Strom z pap\u00edru nebo pap\u00edr ze stromu"},"content":{"rendered":"<p>V\u00a0r\u00e1mci celo\u0161koln\u00edho projektu se zam\u011b\u0159en\u00edm na environment\u00e1ln\u00ed v\u00fdchovu s\u00a0n\u00e1zvem<br \/>\n<strong>\u201eStrom z\u00a0pap\u00edru nebo pap\u00edr ze stromu?\u201c<\/strong><br \/>\nvyhla\u0161ujeme v na\u0161\u00ed \u0161kolce sb\u011br star\u00e9ho pap\u00edru.<br \/>\nBudeme sb\u00edrat \u0159\u00e1dn\u011b sv\u00e1zan\u00e9 bal\u00edky s\u00a0rozt\u0159\u00edd\u011bn\u00fdm pap\u00edrem zvl\u00e1\u0161\u0165 na<br \/>\n\u2013 kartony<br \/>\n\u2013 \u010dasopisy a noviny, let\u00e1ky<br \/>\n\u2013 pokreslen\u00e9 \u010di popsan\u00e9 pap\u00edry.<br \/>\nN\u011bkte\u0159\u00ed hodn\u00ed tat\u00ednkov\u00e9 se nab\u00eddli, \u017ee budou sb\u011br vozit do sb\u011brny do Prahy. Za z\u00edskan\u00e9 pen\u00edze bychom cht\u011bli koupit do M\u0160 d\u011btsk\u00e9 zahradnick\u00e9 n\u00e1\u0159ad\u00ed pro pr\u00e1ci na \u0161koln\u00ed zahrad\u011b, aby se v\u0161echny d\u011bti mohly zapojit do jej\u00edho zvelebov\u00e1n\u00ed. Z\u00e1m\u011brem projektu je uk\u00e1zat d\u011btem, \u017ee i ony se mohou pod\u00edlet na p\u00e9\u010di o p\u0159\u00edrodu a \u017eivotn\u00ed prost\u0159ed\u00ed kolem sebe. D\u011bti ve \u0161kolce vyr\u00e1b\u011bj\u00ed v\u00fdrobky z\u00a0pap\u00edru, na pap\u00edr kresl\u00ed, tak\u00e9 ho ale ma\u010dkaj\u00ed a vyhazuj\u00ed a nev\u00ed, pro\u010d ve \u0161kolce pap\u00edr do odpadu t\u0159\u00edd\u00edme. V\u00a0r\u00e1mci na\u0161eho projektu chceme d\u011btem uk\u00e1zat, pro\u010d je dobr\u00e9 pap\u00edr t\u0159\u00eddit, co v\u0161e se d\u00e1 z\u00a0recyklovan\u00e9ho pap\u00edru vyrobit a tak\u00e9, co v\u0161e v\u00fdrob\u011b pap\u00edru p\u0159edch\u00e1z\u00ed.\u00a0 Pokud n\u00e1s chcete v\u00a0projektu podpo\u0159it, p\u0159ineste nepot\u0159ebn\u00fd pap\u00edr. M\u016f\u017eete jej p\u0159in\u00e9st nejl\u00e9pe v\u00a0odpoledn\u00edch hodin\u00e1ch do chodby p\u0159ed \u0161atnu t\u0159\u00eddy, do kter\u00e9 va\u0161e d\u00edt\u011b chod\u00ed. Tak\u00e9 to pros\u00edm sd\u011blte pan\u00ed u\u010ditelce v\u00a0p\u0159\u00edslu\u0161n\u00e9 t\u0159\u00edd\u011b.<br \/>\nP\u0159edem v\u00e1m d\u011bkujeme za spolupr\u00e1ci a pochopen\u00ed.<\/p>\n","protected":false},"excerpt":{"rendered":"<p>V\u00a0r\u00e1mci celo\u0161koln\u00edho projektu se zam\u011b\u0159en\u00edm na environment\u00e1ln\u00ed v\u00fdchovu s\u00a0n\u00e1zvem \u201eStrom z\u00a0pap\u00edru nebo pap\u00edr ze stromu?\u201c vyhla\u0161ujeme v na\u0161\u00ed \u0161kolce sb\u011br &hellip;<\/p>\n","protected":false},"author":2,"featured_media":551,"parent":1430,"menu_order":2,"comment_status":"closed","ping_status":"closed","template":"projects.php","meta":{"footnotes":""},"class_list":["post-506","page","type-page","status-publish","has-post-thumbnail","hentry"],"_links":{"self":[{"href":"https:\/\/mskosticka.cz\/skritci\/wp-json\/wp\/v2\/pages\/506","targetHints":{"allow":["GET"]}}],"collection":[{"href":"https:\/\/mskosticka.cz\/skritci\/wp-json\/wp\/v2\/pages"}],"about":[{"href":"https:\/\/mskosticka.cz\/skritci\/wp-json\/wp\/v2\/types\/page"}],"author":[{"embeddable":true,"href":"https:\/\/mskosticka.cz\/skritci\/wp-json\/wp\/v2\/users\/2"}],"replies":[{"embeddable":true,"href":"https:\/\/mskosticka.cz\/skritci\/wp-json\/wp\/v2\/comments?post=506"}],"version-history":[{"count":1,"href":"https:\/\/mskosticka.cz\/skritci\/wp-json\/wp\/v2\/pages\/506\/revisions"}],"predecessor-version":[{"id":13281,"href":"https:\/\/mskosticka.cz\/skritci\/wp-json\/wp\/v2\/pages\/506\/revisions\/13281"}],"up":[{"embeddable":true,"href":"https:\/\/mskosticka.cz\/skritci\/wp-json\/wp\/v2\/pages\/1430"}],"wp:featuredmedia":[{"embeddable":true,"href":"https:\/\/mskosticka.cz\/skritci\/wp-json\/wp\/v2\/media\/551"}],"wp:attachment":[{"href":"https:\/\/mskosticka.cz\/skritci\/wp-json\/wp\/v2\/media?parent=506"}],"curies":[{"name":"wp","href":"https:\/\/api.w.org\/{rel}","templated":true}]}}