{"id":513,"date":"2016-05-06T11:22:38","date_gmt":"2016-05-06T09:22:38","guid":{"rendered":"http:\/\/misc.david-stary.cz\/mskosticka\/www\/?page_id=513"},"modified":"2024-02-02T11:12:12","modified_gmt":"2024-02-02T10:12:12","slug":"kveten-mesic-jogy","status":"publish","type":"page","link":"https:\/\/mskosticka.cz\/skritci\/kalendar-akci\/kveten-mesic-jogy\/","title":{"rendered":"Kv\u011bten \u2013 m\u011bs\u00edc j\u00f3gy"},"content":{"rendered":"<p>Kv\u011bten nen\u00ed jen \u201em\u011bs\u00edcem l\u00e1sky\u201c, jak se \u0159\u00edk\u00e1, ale v Kosti\u010dce je to tak\u00e9 m\u011bs\u00edc, kdy s d\u011btmi cvi\u010d\u00edme d\u011btskou j\u00f3gu. J\u00f3gov\u00e9 prvky cvi\u010den\u00ed za\u0159azujeme nejen p\u0159i rozcvi\u010dk\u00e1ch, ale tak\u00e9 b\u011bhem dne. Jedn\u00e1 se o hravou formu d\u011btsk\u00e9 j\u00f3gy, kter\u00e1 slou\u017e\u00ed ke zlep\u0161en\u00ed dr\u017een\u00ed t\u011bla d\u011bt\u00ed, k pru\u017enosti a ohebnosti sval\u016f a ke zlep\u0161en\u00ed celkov\u00e9 pohyblivosti a kondice d\u011bt\u00ed. Cvi\u010den\u00ed prokl\u00e1d\u00e1me relaxa\u010dn\u00ed hudbou, motiva\u010dn\u00edmi poh\u00e1dkami a \u0159\u00edkankami s obr\u00e1zky. M\u00e1me l\u00e1tkov\u00e9 hra\u010dky \u2013 ko\u010di\u010dku Salambu a pejska Jogiho, kte\u0159\u00ed cviky d\u011btem mohou p\u0159edv\u00e9st. Pro d\u011bti je za\u0159azov\u00e1n\u00ed netypick\u00fdch cvik\u016f velmi zaj\u00edmav\u00e9 a atraktivn\u00ed a j\u00f3gu cvi\u010d\u00ed velmi r\u00e1dy.<\/p>\n","protected":false},"excerpt":{"rendered":"<p>Kv\u011bten nen\u00ed jen \u201em\u011bs\u00edcem l\u00e1sky\u201c, jak se \u0159\u00edk\u00e1, ale v Kosti\u010dce je to tak\u00e9 m\u011bs\u00edc, kdy s d\u011btmi cvi\u010d\u00edme d\u011btskou &hellip;<\/p>\n","protected":false},"author":2,"featured_media":549,"parent":1430,"menu_order":4,"comment_status":"closed","ping_status":"closed","template":"projects.php","meta":{"footnotes":""},"class_list":["post-513","page","type-page","status-publish","has-post-thumbnail","hentry"],"_links":{"self":[{"href":"https:\/\/mskosticka.cz\/skritci\/wp-json\/wp\/v2\/pages\/513","targetHints":{"allow":["GET"]}}],"collection":[{"href":"https:\/\/mskosticka.cz\/skritci\/wp-json\/wp\/v2\/pages"}],"about":[{"href":"https:\/\/mskosticka.cz\/skritci\/wp-json\/wp\/v2\/types\/page"}],"author":[{"embeddable":true,"href":"https:\/\/mskosticka.cz\/skritci\/wp-json\/wp\/v2\/users\/2"}],"replies":[{"embeddable":true,"href":"https:\/\/mskosticka.cz\/skritci\/wp-json\/wp\/v2\/comments?post=513"}],"version-history":[{"count":1,"href":"https:\/\/mskosticka.cz\/skritci\/wp-json\/wp\/v2\/pages\/513\/revisions"}],"predecessor-version":[{"id":13283,"href":"https:\/\/mskosticka.cz\/skritci\/wp-json\/wp\/v2\/pages\/513\/revisions\/13283"}],"up":[{"embeddable":true,"href":"https:\/\/mskosticka.cz\/skritci\/wp-json\/wp\/v2\/pages\/1430"}],"wp:featuredmedia":[{"embeddable":true,"href":"https:\/\/mskosticka.cz\/skritci\/wp-json\/wp\/v2\/media\/549"}],"wp:attachment":[{"href":"https:\/\/mskosticka.cz\/skritci\/wp-json\/wp\/v2\/media?parent=513"}],"curies":[{"name":"wp","href":"https:\/\/api.w.org\/{rel}","templated":true}]}}