{"id":5447,"date":"2018-08-29T07:52:00","date_gmt":"2018-08-29T05:52:00","guid":{"rendered":"http:\/\/www.mskosticka.cz\/?page_id=5447"},"modified":"2018-12-26T21:06:59","modified_gmt":"2018-12-26T20:06:59","slug":"vitejte-v-novem-skolnim-roce-2018-2019","status":"publish","type":"page","link":"https:\/\/mskosticka.cz\/skritci\/aktuality\/vitejte-v-novem-skolnim-roce-2018-2019\/","title":{"rendered":"V\u00edtejte v nov\u00e9m \u0161koln\u00edm roce 2018\/2019"},"content":{"rendered":"<p>V pond\u011bl\u00ed\u00a0 3. z\u00e1\u0159\u00ed\u00a0 za\u010d\u00edn\u00e1 nov\u00fd \u0161koln\u00ed rok&#8230;&#8230;.<br \/>\nPros\u00edme v\u00e1s, abyste p\u0159i\u0161li s d\u011btmi do 8 hodin. Pokud v\u00edte, \u017ee je\u0161t\u011b prvn\u00ed dny va\u0161e d\u00edt\u011b do \u0161kolky nenastoup\u00ed, pros\u00edme omluvte ho telefonicky \u010di p\u0159es mail, abychom mu ne\u00fa\u010dtovali stravu.<br \/>\nD\u011bti, kter\u00e9 p\u0159ich\u00e1zej\u00ed do \u0161kolky poprv\u00e9, si budou na nov\u00e9 prost\u0159ed\u00ed d\u00e9le zvykat, proto nen\u00ed probl\u00e9m domluvit se na individu\u00e1ln\u00ed doch\u00e1zce s pan\u00ed u\u010ditelkami v jednotliv\u00fdch t\u0159\u00edd\u00e1ch.<br \/>\n<strong>Ve\u00a0 \u010dtvrtek 6. z\u00e1\u0159\u00ed budou\u00a0 od 17 hodin v Kosti\u010dce\u00a0 t\u0159\u00eddn\u00ed sch\u016fzky<\/strong> , kde se v\u0161e dozv\u00edte ohledn\u011b chodu \u0161kolky, vzd\u011bl\u00e1vac\u00edm programu, platb\u00e1ch a akc\u00edch M\u0160. Tak\u00e9 se m\u016f\u017eete zeptat na v\u0161e, co v\u00e1s ohledn\u011b doch\u00e1zky va\u0161eho d\u00edt\u011bte do \u0161kolky zaj\u00edm\u00e1.<br \/>\nPouze v\u00e1s pros\u00edm, abyste na sch\u016fzky p\u0159i\u0161li pokud mo\u017eno bez d\u011bt\u00ed.<br \/>\nT\u011b\u0161\u00edme se na v\u00e1s \ud83d\ude42<br \/>\n&nbsp;<\/p>\n","protected":false},"excerpt":{"rendered":"<p>V pond\u011bl\u00ed\u00a0 3. z\u00e1\u0159\u00ed\u00a0 za\u010d\u00edn\u00e1 nov\u00fd \u0161koln\u00ed rok&#8230;&#8230;. Pros\u00edme v\u00e1s, abyste p\u0159i\u0161li s d\u011btmi do 8 hodin. Pokud v\u00edte, \u017ee &hellip;<\/p>\n","protected":false},"author":2,"featured_media":0,"parent":40,"menu_order":0,"comment_status":"closed","ping_status":"closed","template":"news.php","meta":{"footnotes":""},"class_list":["post-5447","page","type-page","status-publish","hentry"],"_links":{"self":[{"href":"https:\/\/mskosticka.cz\/skritci\/wp-json\/wp\/v2\/pages\/5447","targetHints":{"allow":["GET"]}}],"collection":[{"href":"https:\/\/mskosticka.cz\/skritci\/wp-json\/wp\/v2\/pages"}],"about":[{"href":"https:\/\/mskosticka.cz\/skritci\/wp-json\/wp\/v2\/types\/page"}],"author":[{"embeddable":true,"href":"https:\/\/mskosticka.cz\/skritci\/wp-json\/wp\/v2\/users\/2"}],"replies":[{"embeddable":true,"href":"https:\/\/mskosticka.cz\/skritci\/wp-json\/wp\/v2\/comments?post=5447"}],"version-history":[{"count":1,"href":"https:\/\/mskosticka.cz\/skritci\/wp-json\/wp\/v2\/pages\/5447\/revisions"}],"predecessor-version":[{"id":13190,"href":"https:\/\/mskosticka.cz\/skritci\/wp-json\/wp\/v2\/pages\/5447\/revisions\/13190"}],"up":[{"embeddable":true,"href":"https:\/\/mskosticka.cz\/skritci\/wp-json\/wp\/v2\/pages\/40"}],"wp:attachment":[{"href":"https:\/\/mskosticka.cz\/skritci\/wp-json\/wp\/v2\/media?parent=5447"}],"curies":[{"name":"wp","href":"https:\/\/api.w.org\/{rel}","templated":true}]}}