{"id":5454,"date":"2018-08-29T08:16:51","date_gmt":"2018-08-29T06:16:51","guid":{"rendered":"http:\/\/www.mskosticka.cz\/?page_id=5454"},"modified":"2018-12-26T21:06:59","modified_gmt":"2018-12-26T20:06:59","slug":"slouceni-ms-kosticka-a-ms-u-veverek","status":"publish","type":"page","link":"https:\/\/mskosticka.cz\/skritci\/aktuality\/slouceni-ms-kosticka-a-ms-u-veverek\/","title":{"rendered":"Slou\u010den\u00ed M\u0160 Kosti\u010dka a M\u0160 U veverek"},"content":{"rendered":"<p>Od 1. 9. 2018 doch\u00e1z\u00ed ke slou\u010den\u00ed dvou milovick\u00fdch mate\u0159sk\u00fdch \u0161kol. M\u0160 U veverek se odd\u011bluje od Z\u0160 Juventa a slu\u010duje se s M\u0160 Kosti\u010dka.<br \/>\nOfici\u00e1ln\u00ed n\u00e1zev organizace bude i nad\u00e1le M\u0160 Kosti\u010dka, p\u0159\u00edsp\u011bvkov\u00e1 organizace Milovice-Mlad\u00e1, ale s t\u00edm, \u017ee bude m\u00edt je\u0161t\u011b jedno pracovi\u0161t\u011b a to M\u0160 U veverek s odli\u0161nou adresou Komensk\u00e9ho 581, Milovice.<br \/>\nWebov\u00e9 str\u00e1nky pro M\u0160 U veverek se nyn\u00ed za\u010d\u00ednaj\u00ed vytv\u00e1\u0159et.\u00a0 D\u011bkujeme v\u00e1m, \u017ee budete trp\u011bliv\u00ed. V\u0161echny informace pro\u00a0 rodi\u010de d\u011bt\u00ed z M\u0160 U veverek se m\u016f\u017eete do\u010d\u00edst prozat\u00edm na n\u00e1st\u011bnk\u00e1ch v M\u0160 U veverek a pot\u00e9 tak\u00e9 zde.<br \/>\n&nbsp;<\/p>\n","protected":false},"excerpt":{"rendered":"<p>Od 1. 9. 2018 doch\u00e1z\u00ed ke slou\u010den\u00ed dvou milovick\u00fdch mate\u0159sk\u00fdch \u0161kol. M\u0160 U veverek se odd\u011bluje od Z\u0160 Juventa a &hellip;<\/p>\n","protected":false},"author":2,"featured_media":0,"parent":40,"menu_order":0,"comment_status":"closed","ping_status":"closed","template":"news.php","meta":{"footnotes":""},"class_list":["post-5454","page","type-page","status-publish","hentry"],"_links":{"self":[{"href":"https:\/\/mskosticka.cz\/skritci\/wp-json\/wp\/v2\/pages\/5454","targetHints":{"allow":["GET"]}}],"collection":[{"href":"https:\/\/mskosticka.cz\/skritci\/wp-json\/wp\/v2\/pages"}],"about":[{"href":"https:\/\/mskosticka.cz\/skritci\/wp-json\/wp\/v2\/types\/page"}],"author":[{"embeddable":true,"href":"https:\/\/mskosticka.cz\/skritci\/wp-json\/wp\/v2\/users\/2"}],"replies":[{"embeddable":true,"href":"https:\/\/mskosticka.cz\/skritci\/wp-json\/wp\/v2\/comments?post=5454"}],"version-history":[{"count":1,"href":"https:\/\/mskosticka.cz\/skritci\/wp-json\/wp\/v2\/pages\/5454\/revisions"}],"predecessor-version":[{"id":13191,"href":"https:\/\/mskosticka.cz\/skritci\/wp-json\/wp\/v2\/pages\/5454\/revisions\/13191"}],"up":[{"embeddable":true,"href":"https:\/\/mskosticka.cz\/skritci\/wp-json\/wp\/v2\/pages\/40"}],"wp:attachment":[{"href":"https:\/\/mskosticka.cz\/skritci\/wp-json\/wp\/v2\/media?parent=5454"}],"curies":[{"name":"wp","href":"https:\/\/api.w.org\/{rel}","templated":true}]}}