{"id":5472,"date":"2018-10-02T22:40:59","date_gmt":"2018-10-02T20:40:59","guid":{"rendered":"https:\/\/www.mskosticka.cz\/?page_id=5472"},"modified":"2018-12-26T21:06:59","modified_gmt":"2018-12-26T20:06:59","slug":"pro-ms-u-veverek","status":"publish","type":"page","link":"https:\/\/mskosticka.cz\/skritci\/aktuality\/pro-ms-u-veverek\/","title":{"rendered":"Pro M\u0160 U veverek"},"content":{"rendered":"<p>Kontakty<br \/>\nOran\u017eov\u00e1 t\u0159\u00edda veverky \u010ciperky<br \/>\ntel: +420 734 851 860<br \/>\n\u017dlut\u00e1 t\u0159\u00edda veverky Louskalky<br \/>\ntel: +420 736 646 956<br \/>\nModr\u00e1 t\u0159\u00edda veverky Hopsalky<br \/>\ntel: +420 731 471 810<br \/>\nZelen\u00e1 t\u0159\u00edda veverky Zrze\u010dky<br \/>\ntel: +420 731 610 615<br \/>\nPOKUD OMLOUV\u00c1TE D\u011aTI M\u016e\u017dETE VOLAT NEBO POS\u00cdLAT SMS<\/p>\n","protected":false},"excerpt":{"rendered":"<p>Kontakty Oran\u017eov\u00e1 t\u0159\u00edda veverky \u010ciperky tel: +420 734 851 860 \u017dlut\u00e1 t\u0159\u00edda veverky Louskalky tel: +420 736 646 956 Modr\u00e1 &hellip;<\/p>\n","protected":false},"author":2,"featured_media":0,"parent":40,"menu_order":0,"comment_status":"closed","ping_status":"closed","template":"news.php","meta":{"footnotes":""},"class_list":["post-5472","page","type-page","status-publish","hentry"],"_links":{"self":[{"href":"https:\/\/mskosticka.cz\/skritci\/wp-json\/wp\/v2\/pages\/5472","targetHints":{"allow":["GET"]}}],"collection":[{"href":"https:\/\/mskosticka.cz\/skritci\/wp-json\/wp\/v2\/pages"}],"about":[{"href":"https:\/\/mskosticka.cz\/skritci\/wp-json\/wp\/v2\/types\/page"}],"author":[{"embeddable":true,"href":"https:\/\/mskosticka.cz\/skritci\/wp-json\/wp\/v2\/users\/2"}],"replies":[{"embeddable":true,"href":"https:\/\/mskosticka.cz\/skritci\/wp-json\/wp\/v2\/comments?post=5472"}],"version-history":[{"count":1,"href":"https:\/\/mskosticka.cz\/skritci\/wp-json\/wp\/v2\/pages\/5472\/revisions"}],"predecessor-version":[{"id":13192,"href":"https:\/\/mskosticka.cz\/skritci\/wp-json\/wp\/v2\/pages\/5472\/revisions\/13192"}],"up":[{"embeddable":true,"href":"https:\/\/mskosticka.cz\/skritci\/wp-json\/wp\/v2\/pages\/40"}],"wp:attachment":[{"href":"https:\/\/mskosticka.cz\/skritci\/wp-json\/wp\/v2\/media?parent=5472"}],"curies":[{"name":"wp","href":"https:\/\/api.w.org\/{rel}","templated":true}]}}