{"id":57,"date":"2017-10-06T22:34:10","date_gmt":"2017-10-06T20:34:10","guid":{"rendered":"http:\/\/localhost\/misc\/mskosticka\/www\/?page_id=43"},"modified":"2025-12-02T22:09:16","modified_gmt":"2025-12-02T21:09:16","slug":"skritek-vseznalek","status":"publish","type":"page","link":"https:\/\/mskosticka.cz\/skritci\/tridy\/skritek-vseznalek\/","title":{"rendered":"Sk\u0159\u00edtek V\u0161ezn\u00e1lek"},"content":{"rendered":"<div class=\"wp-block-image\">\n<figure class=\"alignright size-large is-resized\"><a href=\"https:\/\/mskosticka.cz\/skritci\/wp-content\/uploads\/sites\/2\/2025\/11\/20251113_113957-1-scaled.jpg\"><img loading=\"lazy\" decoding=\"async\" width=\"885\" height=\"1180\" src=\"https:\/\/mskosticka.cz\/skritci\/wp-content\/uploads\/sites\/2\/2025\/11\/20251113_113957-1-885x1180.jpg\" alt=\"\" class=\"wp-image-24775\" style=\"width:290px;height:auto\" \/><\/a><\/figure><\/div>\n\n\n<p><br>V modr\u00e9 t\u0159\u00edd\u011b p\u0159eb\u00fdv\u00e1 spole\u010dn\u011b s d\u011btmi &nbsp;sk\u0159\u00edtek V\u0161ezn\u00e1lek, v\u011bkov\u00e9 slo\u017een\u00ed d\u011bt\u00ed je od 5 do 6 let<\/p>\n\n\n\n<p><strong>Telefon: 725 980 791<\/strong><\/p>\n\n\n\n<h2 class=\"wp-block-heading\">Pan\u00ed u\u010ditelky<\/h2>\n\n\n\n<p><b>Bc. Lucie Str\u00e1nsk\u00e1 &#8211;<\/b> vystudovala st\u0159edn\u00ed zdravotnickou \u0161kolu v&nbsp;Praze, obor zdravotnick\u00e9 lyceum; studium bakal\u00e1\u0159sk\u00e9ho oboru \u201eU\u010ditelstv\u00ed pro mate\u0159sk\u00e9 \u0161koly\u201c na Univerzit\u011b v&nbsp;Hradci Kr\u00e1lov\u00e9. Mezi jej\u00ed z\u00e1jmy pat\u0159\u00ed zahradni\u010den\u00ed, hudba, zp\u011bv, a p\u0159edev\u0161\u00edm hra na klav\u00edr. R\u00e1da pozn\u00e1v\u00e1 nov\u00e9 v\u011bci a kr\u00e1sy p\u0159\u00edrody.<\/p>\n\n\n\n<p><strong>Mgr. Martina Vondr\u00e1\u010dkov\u00e1 &#8211;&nbsp;<\/strong>studovala na v\u00edcelet\u00e9m gymn\u00e1ziu v Nov\u00e9 Pace, pokra\u010dovala studiem na Fakult\u011b chemicko &#8211; technologick\u00e9 Univerzity Pardubice, obor \u201eKlinick\u00e1 biologie a chemie&#8220; a \u201eAnal\u00fdza biologick\u00fdch materi\u00e1l\u016f&#8220;. V M\u0160 Kosti\u010dka pracovala 3 roky na pozici asistentky pedagoga. Nyn\u00ed si dopl\u0148uje pedagogick\u00e9 vzd\u011bl\u00e1n\u00ed v oboru \u201eP\u0159ed\u0161koln\u00ed a mimo\u0161koln\u00ed pedagogika&#8220; na S\u0160 Mills. \u017dije se synem v Milovic\u00edch. Mezi jej\u00ed z\u00e1jmy pat\u0159\u00ed rodina, cestov\u00e1n\u00ed, hudba a zp\u011bv, p\u00e9\u010de o zahradu, p\u0159eklady odborn\u00fdch \u010dl\u00e1nk\u016f z oboru hematologie. R\u00e1da \u010dte a roz\u0161i\u0159uje si obzory v r\u016fzn\u00fdch oborech. Celo\u017eivotn\u00ed vzd\u011bl\u00e1v\u00e1n\u00ed pova\u017euje za samoz\u0159ejmost.<\/p>\n\n\n\n<p><strong style=\"font-size: 1.0625rem;letter-spacing: -0.0625rem\">Mgr. Jana K\u0159i\u0161\u0165anov<\/strong><strong>\u00e1<\/strong><span style=\"font-size: 1.0625rem;letter-spacing: -0.0625rem\"><strong> \u2013<\/strong> vystudovala SPg\u0160 v Praze 6, obor u\u010ditelstv\u00ed pro mate\u0159sk\u00e9 \u0161koly, \u00a0studium magistersk\u00e9ho oboru \u201eP\u0159ed\u0161koln\u00ed pedagogika\u201c na UHK. Je vdan\u00e1, m\u00e1 3 dcery, 5 vnou\u010dat a \u017eije ve Stratov\u011b. Jej\u00edm z\u00e1jmem je krom\u011b rodiny tanec, ly\u017eov\u00e1n\u00ed, j\u00f3ga, hudba, zp\u011bv, p\u0159\u00edroda, literatura<\/span><\/p>\n<p><strong>Dana Svobodov\u00e1<\/strong> &#8211; asistentka pedagoga<\/p>\n\n\n\n<p><span style=\"font-weight: bold;font-size: 1.0625rem;letter-spacing: -0.0625rem\">Bc. Ivana Hr\u016fzov\u00e1&nbsp;<em>&#8211; m<\/em><\/span><em style=\"font-size: 1.0625rem;letter-spacing: -0.0625rem\"><span style=\"font-weight: bold\">oment\u00e1ln\u011b na mate\u0159sk\u00e9 dovolen\u00e9 &#8211;&nbsp;<\/span><\/em><span style=\"font-size: 1.0625rem;letter-spacing: -0.0625rem\">vystudovala SSO\u0160 pedagogickou v Praze, obor v\u00fdchova d\u011bt\u00ed p\u0159ed\u0161koln\u00edho a mlad\u0161\u00edho \u0161koln\u00edho v\u011bku. D\u00e1le pokra\u010dovala v studiu na V\u0160 \u2013 UK v Praze, obor u\u010ditelstv\u00ed pro M\u0160. Mezi jej\u00ed z\u00e1jmy pat\u0159\u00ed hlavn\u011b jej\u00ed synov\u00e9, d\u00e1le sport, hlavn\u011b tenis a kole\u010dkov\u00e9 brusle. M\u00e1 r\u00e1da hudbu, tanec, literaturu a film.<\/span><\/p>\n","protected":false},"excerpt":{"rendered":"<p>V modr\u00e9 t\u0159\u00edd\u011b p\u0159eb\u00fdv\u00e1 spole\u010dn\u011b s d\u011btmi &nbsp;sk\u0159\u00edtek V\u0161ezn\u00e1lek, v\u011bkov\u00e9 slo\u017een\u00ed d\u011bt\u00ed je od 5 do 6 let Telefon: 725 &hellip;<\/p>\n","protected":false},"author":2,"featured_media":24781,"parent":41,"menu_order":2,"comment_status":"closed","ping_status":"closed","template":"classes.php","meta":{"footnotes":""},"class_list":["post-57","page","type-page","status-publish","has-post-thumbnail","hentry"],"_links":{"self":[{"href":"https:\/\/mskosticka.cz\/skritci\/wp-json\/wp\/v2\/pages\/57","targetHints":{"allow":["GET"]}}],"collection":[{"href":"https:\/\/mskosticka.cz\/skritci\/wp-json\/wp\/v2\/pages"}],"about":[{"href":"https:\/\/mskosticka.cz\/skritci\/wp-json\/wp\/v2\/types\/page"}],"author":[{"embeddable":true,"href":"https:\/\/mskosticka.cz\/skritci\/wp-json\/wp\/v2\/users\/2"}],"replies":[{"embeddable":true,"href":"https:\/\/mskosticka.cz\/skritci\/wp-json\/wp\/v2\/comments?post=57"}],"version-history":[{"count":28,"href":"https:\/\/mskosticka.cz\/skritci\/wp-json\/wp\/v2\/pages\/57\/revisions"}],"predecessor-version":[{"id":24803,"href":"https:\/\/mskosticka.cz\/skritci\/wp-json\/wp\/v2\/pages\/57\/revisions\/24803"}],"up":[{"embeddable":true,"href":"https:\/\/mskosticka.cz\/skritci\/wp-json\/wp\/v2\/pages\/41"}],"wp:featuredmedia":[{"embeddable":true,"href":"https:\/\/mskosticka.cz\/skritci\/wp-json\/wp\/v2\/media\/24781"}],"wp:attachment":[{"href":"https:\/\/mskosticka.cz\/skritci\/wp-json\/wp\/v2\/media?parent=57"}],"curies":[{"name":"wp","href":"https:\/\/api.w.org\/{rel}","templated":true}]}}