{"id":58,"date":"2017-10-06T22:34:28","date_gmt":"2017-10-06T20:34:28","guid":{"rendered":"http:\/\/localhost\/misc\/mskosticka\/www\/?page_id=45"},"modified":"2026-02-15T00:11:03","modified_gmt":"2026-02-14T23:11:03","slug":"skritek-kulihrasek","status":"publish","type":"page","link":"https:\/\/mskosticka.cz\/skritci\/tridy\/skritek-kulihrasek\/","title":{"rendered":"Sk\u0159\u00edtek Kulihr\u00e1\u0161ek"},"content":{"rendered":"<div class=\"wp-block-image\">\n<figure class=\"alignright size-large is-resized\"><img loading=\"lazy\" decoding=\"async\" width=\"907\" height=\"1180\" src=\"https:\/\/mskosticka.cz\/skritci\/wp-content\/uploads\/sites\/2\/2026\/02\/20250917_104915-907x1180.jpg\" alt=\"\" class=\"wp-image-24829\" style=\"width:293px;height:auto\" \/><\/figure><\/div>\n\n\n<p><br>V zelen\u00e9 t\u0159\u00edd\u011b p\u0159eb\u00fdv\u00e1 spolu s d\u011btmi sk\u0159\u00edtek Kulihr\u00e1\u0161ek, v\u011bkov\u00e9 slo\u017een\u00ed d\u011bt\u00ed je 3 &#8211; 4 roky<\/p>\n\n\n\n<p><strong>Telefon: 602 263 294<\/strong><\/p>\n\n\n\n<p><strong>Lenka Gramerov\u00e1<\/strong>&nbsp;\u2013 vystudovala SO\u0160 s ekonom. zam\u011b\u0159en\u00edm, v roce 2013 dokon\u010dila druhou maturitou n\u00e1stavbov\u00e9 studium na SO\u0160 MILLS \u2013 obor \u201eP\u0159ed\u0161koln\u00ed a mimo\u0161koln\u00ed pedagogika\u201c. Je vdan\u00e1 a m\u00e1 2 syny. Mezi jej\u00ed z\u00e1jmy pat\u0159\u00ed rodina, zahrada, \u010detba, zp\u011bv a hra na rytmick\u00e9 hudebn\u00ed n\u00e1stroje (p\u0159edev\u0161\u00edm l\u017e\u00edce), d\u00e1le hraje na kytaru i klav\u00edr.<\/p>\n\n\n\n<p><strong>Alena Blechov\u00e1<\/strong> \u2013 je vdan\u00e1, m\u00e1 dva syny, dva vnuky. Mezi jej\u00ed z\u00e1jmy pat\u0159\u00ed rodina, zahrada, hra na kytaru, a banjo, zp\u011bv, p\u0159\u00edroda. Dal\u0161\u00edmi z\u00e1jmy a z\u00e1rove\u0148 i druh\u00fdm zam\u011bstn\u00e1n\u00edm je pe\u010den\u00ed a zdoben\u00ed pern\u00ed\u010dk\u016f, v\u00fdroba sklen\u011bn\u00fdch vitr\u00e1\u017e\u00ed a v\u00fdroba sklen\u011bn\u00e9 mozaiky. V tomto sm\u011bru spolupracuje i s MDDM v \u010cel\u00e1kovic\u00edch, se Skanzenem v P\u0159erov\u011b nad Labem, &nbsp;kde po\u0159\u00e1d\u00e1 \u0159emesln\u00e9 d\u00edlny a kurzy pro d\u011bti i dosp\u011bl\u00e9. Bydl\u00ed&nbsp; s rodinou v Ostr\u00e9<\/p>\n\n\n\n<p><strong>Jana Vartov\u00e1<\/strong> &#8211; asistentka pedagoga<\/p>\n","protected":false},"excerpt":{"rendered":"<p>V zelen\u00e9 t\u0159\u00edd\u011b p\u0159eb\u00fdv\u00e1 spolu s d\u011btmi sk\u0159\u00edtek Kulihr\u00e1\u0161ek, v\u011bkov\u00e9 slo\u017een\u00ed d\u011bt\u00ed je 3 &#8211; 4 roky Telefon: 602 263 &hellip;<\/p>\n","protected":false},"author":2,"featured_media":8,"parent":41,"menu_order":3,"comment_status":"closed","ping_status":"closed","template":"classes.php","meta":{"footnotes":""},"class_list":["post-58","page","type-page","status-publish","has-post-thumbnail","hentry"],"_links":{"self":[{"href":"https:\/\/mskosticka.cz\/skritci\/wp-json\/wp\/v2\/pages\/58","targetHints":{"allow":["GET"]}}],"collection":[{"href":"https:\/\/mskosticka.cz\/skritci\/wp-json\/wp\/v2\/pages"}],"about":[{"href":"https:\/\/mskosticka.cz\/skritci\/wp-json\/wp\/v2\/types\/page"}],"author":[{"embeddable":true,"href":"https:\/\/mskosticka.cz\/skritci\/wp-json\/wp\/v2\/users\/2"}],"replies":[{"embeddable":true,"href":"https:\/\/mskosticka.cz\/skritci\/wp-json\/wp\/v2\/comments?post=58"}],"version-history":[{"count":11,"href":"https:\/\/mskosticka.cz\/skritci\/wp-json\/wp\/v2\/pages\/58\/revisions"}],"predecessor-version":[{"id":24832,"href":"https:\/\/mskosticka.cz\/skritci\/wp-json\/wp\/v2\/pages\/58\/revisions\/24832"}],"up":[{"embeddable":true,"href":"https:\/\/mskosticka.cz\/skritci\/wp-json\/wp\/v2\/pages\/41"}],"wp:featuredmedia":[{"embeddable":true,"href":"https:\/\/mskosticka.cz\/skritci\/wp-json\/wp\/v2\/media\/8"}],"wp:attachment":[{"href":"https:\/\/mskosticka.cz\/skritci\/wp-json\/wp\/v2\/media?parent=58"}],"curies":[{"name":"wp","href":"https:\/\/api.w.org\/{rel}","templated":true}]}}