{"id":10050,"date":"2021-02-28T21:47:52","date_gmt":"2021-02-28T20:47:52","guid":{"rendered":"http:\/\/www.mskosticka.cz\/veverky\/?page_id=10050"},"modified":"2021-03-01T08:27:01","modified_gmt":"2021-03-01T07:27:01","slug":"informace_k_provozu_skol_a_skolskych_zarizeni_od_27-unora_2021","status":"publish","type":"page","link":"https:\/\/mskosticka.cz\/veverky\/aktuality\/informace_k_provozu_skol_a_skolskych_zarizeni_od_27-unora_2021\/","title":{"rendered":"INFORMACE K PROVOZU \u0160KOL A \u0160KOLSK\u00ddCH ZA\u0158\u00cdZEN\u00cd"},"content":{"rendered":"<p><a href=\"http:\/\/www.mskosticka.cz\/veverky\/wp-content\/uploads\/sites\/3\/2021\/02\/INFORMACE_K_PROVOZU_SKOL_OD_27-UNORA_2021.pdf\">INFORMACE_K_PROVOZU_SKOL_OD_27-UNORA_2021<\/a><\/p>\n","protected":false},"excerpt":{"rendered":"<p>INFORMACE_K_PROVOZU_SKOL_OD_27-UNORA_2021<\/p>\n","protected":false},"author":2,"featured_media":0,"parent":8844,"menu_order":0,"comment_status":"closed","ping_status":"closed","template":"news.php","meta":{"footnotes":""},"class_list":["post-10050","page","type-page","status-publish","hentry"],"_links":{"self":[{"href":"https:\/\/mskosticka.cz\/veverky\/wp-json\/wp\/v2\/pages\/10050","targetHints":{"allow":["GET"]}}],"collection":[{"href":"https:\/\/mskosticka.cz\/veverky\/wp-json\/wp\/v2\/pages"}],"about":[{"href":"https:\/\/mskosticka.cz\/veverky\/wp-json\/wp\/v2\/types\/page"}],"author":[{"embeddable":true,"href":"https:\/\/mskosticka.cz\/veverky\/wp-json\/wp\/v2\/users\/2"}],"replies":[{"embeddable":true,"href":"https:\/\/mskosticka.cz\/veverky\/wp-json\/wp\/v2\/comments?post=10050"}],"version-history":[{"count":6,"href":"https:\/\/mskosticka.cz\/veverky\/wp-json\/wp\/v2\/pages\/10050\/revisions"}],"predecessor-version":[{"id":10060,"href":"https:\/\/mskosticka.cz\/veverky\/wp-json\/wp\/v2\/pages\/10050\/revisions\/10060"}],"up":[{"embeddable":true,"href":"https:\/\/mskosticka.cz\/veverky\/wp-json\/wp\/v2\/pages\/8844"}],"wp:attachment":[{"href":"https:\/\/mskosticka.cz\/veverky\/wp-json\/wp\/v2\/media?parent=10050"}],"curies":[{"name":"wp","href":"https:\/\/api.w.org\/{rel}","templated":true}]}}