{"id":10077,"date":"2021-04-11T21:53:49","date_gmt":"2021-04-11T19:53:49","guid":{"rendered":"http:\/\/www.mskosticka.cz\/veverky\/?page_id=10077"},"modified":"2021-04-28T08:20:54","modified_gmt":"2021-04-28T06:20:54","slug":"zapis-do-materske-skolky-na-rok-2021-2022","status":"publish","type":"page","link":"https:\/\/mskosticka.cz\/veverky\/aktuality\/zapis-do-materske-skolky-na-rok-2021-2022\/","title":{"rendered":"Z\u00e1pis do Mate\u0159sk\u00e9 \u0161kolky na rok 2021\/2022"},"content":{"rendered":"<p>Pot\u0159ebn\u00e9 informace najdete v sekci &#8222;<a href=\"http:\/\/www.mskosticka.cz\/veverky\/prijimani-deti\/\" target=\"_blank\" rel=\"noopener\">P\u0159ij\u00edm\u00e1n\u00ed d\u011bt\u00ed<\/a>&#8222;.<\/p>\n","protected":false},"excerpt":{"rendered":"<p>Pot\u0159ebn\u00e9 informace najdete v sekci &#8222;P\u0159ij\u00edm\u00e1n\u00ed d\u011bt\u00ed&#8222;.<\/p>\n","protected":false},"author":2,"featured_media":0,"parent":8844,"menu_order":0,"comment_status":"closed","ping_status":"closed","template":"news.php","meta":{"footnotes":""},"class_list":["post-10077","page","type-page","status-publish","hentry"],"_links":{"self":[{"href":"https:\/\/mskosticka.cz\/veverky\/wp-json\/wp\/v2\/pages\/10077","targetHints":{"allow":["GET"]}}],"collection":[{"href":"https:\/\/mskosticka.cz\/veverky\/wp-json\/wp\/v2\/pages"}],"about":[{"href":"https:\/\/mskosticka.cz\/veverky\/wp-json\/wp\/v2\/types\/page"}],"author":[{"embeddable":true,"href":"https:\/\/mskosticka.cz\/veverky\/wp-json\/wp\/v2\/users\/2"}],"replies":[{"embeddable":true,"href":"https:\/\/mskosticka.cz\/veverky\/wp-json\/wp\/v2\/comments?post=10077"}],"version-history":[{"count":5,"href":"https:\/\/mskosticka.cz\/veverky\/wp-json\/wp\/v2\/pages\/10077\/revisions"}],"predecessor-version":[{"id":10305,"href":"https:\/\/mskosticka.cz\/veverky\/wp-json\/wp\/v2\/pages\/10077\/revisions\/10305"}],"up":[{"embeddable":true,"href":"https:\/\/mskosticka.cz\/veverky\/wp-json\/wp\/v2\/pages\/8844"}],"wp:attachment":[{"href":"https:\/\/mskosticka.cz\/veverky\/wp-json\/wp\/v2\/media?parent=10077"}],"curies":[{"name":"wp","href":"https:\/\/api.w.org\/{rel}","templated":true}]}}