{"id":10337,"date":"2021-05-27T09:54:07","date_gmt":"2021-05-27T07:54:07","guid":{"rendered":"http:\/\/www.mskosticka.cz\/veverky\/?page_id=10337"},"modified":"2021-05-27T09:54:10","modified_gmt":"2021-05-27T07:54:10","slug":"rozhodnuti-o-prijeti","status":"publish","type":"page","link":"https:\/\/mskosticka.cz\/veverky\/aktuality\/rozhodnuti-o-prijeti\/","title":{"rendered":"Rozhodnut\u00ed o p\u0159ijet\u00ed"},"content":{"rendered":"<p>Z d\u016fvodu o\u010dkov\u00e1n\u00ed bude rozhodnut\u00ed o p\u0159ijet\u00ed nebo nep\u0159ijet\u00ed d\u00edt\u011bte do M\u0160 zas\u00edl\u00e1no po\u0161tou.<\/p>\n<p>D\u011bkujeme za pochopen\u00ed.<\/p>\n","protected":false},"excerpt":{"rendered":"<p>Z d\u016fvodu o\u010dkov\u00e1n\u00ed bude rozhodnut\u00ed o p\u0159ijet\u00ed nebo nep\u0159ijet\u00ed d\u00edt\u011bte do M\u0160 zas\u00edl\u00e1no po\u0161tou. D\u011bkujeme za pochopen\u00ed.<\/p>\n","protected":false},"author":2,"featured_media":0,"parent":8844,"menu_order":0,"comment_status":"closed","ping_status":"closed","template":"news.php","meta":{"footnotes":""},"class_list":["post-10337","page","type-page","status-publish","hentry"],"_links":{"self":[{"href":"https:\/\/mskosticka.cz\/veverky\/wp-json\/wp\/v2\/pages\/10337","targetHints":{"allow":["GET"]}}],"collection":[{"href":"https:\/\/mskosticka.cz\/veverky\/wp-json\/wp\/v2\/pages"}],"about":[{"href":"https:\/\/mskosticka.cz\/veverky\/wp-json\/wp\/v2\/types\/page"}],"author":[{"embeddable":true,"href":"https:\/\/mskosticka.cz\/veverky\/wp-json\/wp\/v2\/users\/2"}],"replies":[{"embeddable":true,"href":"https:\/\/mskosticka.cz\/veverky\/wp-json\/wp\/v2\/comments?post=10337"}],"version-history":[{"count":1,"href":"https:\/\/mskosticka.cz\/veverky\/wp-json\/wp\/v2\/pages\/10337\/revisions"}],"predecessor-version":[{"id":10338,"href":"https:\/\/mskosticka.cz\/veverky\/wp-json\/wp\/v2\/pages\/10337\/revisions\/10338"}],"up":[{"embeddable":true,"href":"https:\/\/mskosticka.cz\/veverky\/wp-json\/wp\/v2\/pages\/8844"}],"wp:attachment":[{"href":"https:\/\/mskosticka.cz\/veverky\/wp-json\/wp\/v2\/media?parent=10337"}],"curies":[{"name":"wp","href":"https:\/\/api.w.org\/{rel}","templated":true}]}}