{"id":10339,"date":"2021-05-31T18:12:47","date_gmt":"2021-05-31T16:12:47","guid":{"rendered":"http:\/\/www.mskosticka.cz\/veverky\/?page_id=10339"},"modified":"2021-05-31T18:12:47","modified_gmt":"2021-05-31T16:12:47","slug":"znovu-otevreni-skolky","status":"publish","type":"page","link":"https:\/\/mskosticka.cz\/veverky\/aktuality\/znovu-otevreni-skolky\/","title":{"rendered":"Znovu otev\u0159en\u00ed \u0161kolky"},"content":{"rendered":"<p>Mil\u00ed rodi\u010de,<\/p>\n<p>od \u00fater\u00fd 1. \u010dervna je \u0161kolka op\u011bt v provozu \ud83d\ude42<\/p>\n<p>Den d\u011bt\u00ed si spole\u010dn\u011b u\u017eijeme a po\u0159\u00e1dn\u011b ho oslav\u00edme!!<\/p>\n<p>T\u011b\u0161\u00edme se na v\u00e1s &#8211; va\u0161e Veverky<\/p>\n","protected":false},"excerpt":{"rendered":"<p>Mil\u00ed rodi\u010de, od \u00fater\u00fd 1. \u010dervna je \u0161kolka op\u011bt v provozu \ud83d\ude42 Den d\u011bt\u00ed si spole\u010dn\u011b u\u017eijeme a po\u0159\u00e1dn\u011b ho &hellip;<\/p>\n","protected":false},"author":2,"featured_media":0,"parent":8844,"menu_order":0,"comment_status":"closed","ping_status":"closed","template":"news.php","meta":{"footnotes":""},"class_list":["post-10339","page","type-page","status-publish","hentry"],"_links":{"self":[{"href":"https:\/\/mskosticka.cz\/veverky\/wp-json\/wp\/v2\/pages\/10339","targetHints":{"allow":["GET"]}}],"collection":[{"href":"https:\/\/mskosticka.cz\/veverky\/wp-json\/wp\/v2\/pages"}],"about":[{"href":"https:\/\/mskosticka.cz\/veverky\/wp-json\/wp\/v2\/types\/page"}],"author":[{"embeddable":true,"href":"https:\/\/mskosticka.cz\/veverky\/wp-json\/wp\/v2\/users\/2"}],"replies":[{"embeddable":true,"href":"https:\/\/mskosticka.cz\/veverky\/wp-json\/wp\/v2\/comments?post=10339"}],"version-history":[{"count":1,"href":"https:\/\/mskosticka.cz\/veverky\/wp-json\/wp\/v2\/pages\/10339\/revisions"}],"predecessor-version":[{"id":10340,"href":"https:\/\/mskosticka.cz\/veverky\/wp-json\/wp\/v2\/pages\/10339\/revisions\/10340"}],"up":[{"embeddable":true,"href":"https:\/\/mskosticka.cz\/veverky\/wp-json\/wp\/v2\/pages\/8844"}],"wp:attachment":[{"href":"https:\/\/mskosticka.cz\/veverky\/wp-json\/wp\/v2\/media?parent=10339"}],"curies":[{"name":"wp","href":"https:\/\/api.w.org\/{rel}","templated":true}]}}