{"id":1214,"date":"2018-02-06T09:20:59","date_gmt":"2018-02-06T08:20:59","guid":{"rendered":"http:\/\/www.mskosticka.cz\/?page_id=1214"},"modified":"2020-08-27T08:55:45","modified_gmt":"2020-08-27T06:55:45","slug":"projekty-eu","status":"publish","type":"page","link":"https:\/\/mskosticka.cz\/veverky\/projekty-eu\/","title":{"rendered":"Projekty"},"content":{"rendered":"<p>Projekty pro M\u0160 Kosti\u010dka U veverek se p\u0159ipravuj\u00ed&#8230;<\/p>\n<p style=\"text-align: left\">\n","protected":false},"excerpt":{"rendered":"<p>Projekty pro M\u0160 Kosti\u010dka U veverek se p\u0159ipravuj\u00ed&#8230;<\/p>\n","protected":false},"author":2,"featured_media":0,"parent":0,"menu_order":7,"comment_status":"closed","ping_status":"closed","template":"projects.php","meta":{"footnotes":""},"class_list":["post-1214","page","type-page","status-publish","hentry"],"_links":{"self":[{"href":"https:\/\/mskosticka.cz\/veverky\/wp-json\/wp\/v2\/pages\/1214","targetHints":{"allow":["GET"]}}],"collection":[{"href":"https:\/\/mskosticka.cz\/veverky\/wp-json\/wp\/v2\/pages"}],"about":[{"href":"https:\/\/mskosticka.cz\/veverky\/wp-json\/wp\/v2\/types\/page"}],"author":[{"embeddable":true,"href":"https:\/\/mskosticka.cz\/veverky\/wp-json\/wp\/v2\/users\/2"}],"replies":[{"embeddable":true,"href":"https:\/\/mskosticka.cz\/veverky\/wp-json\/wp\/v2\/comments?post=1214"}],"version-history":[{"count":1,"href":"https:\/\/mskosticka.cz\/veverky\/wp-json\/wp\/v2\/pages\/1214\/revisions"}],"predecessor-version":[{"id":6813,"href":"https:\/\/mskosticka.cz\/veverky\/wp-json\/wp\/v2\/pages\/1214\/revisions\/6813"}],"wp:attachment":[{"href":"https:\/\/mskosticka.cz\/veverky\/wp-json\/wp\/v2\/media?parent=1214"}],"curies":[{"name":"wp","href":"https:\/\/api.w.org\/{rel}","templated":true}]}}