{"id":13464,"date":"2022-03-21T21:32:57","date_gmt":"2022-03-21T20:32:57","guid":{"rendered":"http:\/\/www.mskosticka.cz\/veverky\/?page_id=13464"},"modified":"2022-03-21T21:37:29","modified_gmt":"2022-03-21T20:37:29","slug":"den-otevrenych-dveri-3","status":"publish","type":"page","link":"https:\/\/mskosticka.cz\/veverky\/aktuality\/den-otevrenych-dveri-3\/","title":{"rendered":"Den otev\u0159en\u00fdch dve\u0159\u00ed"},"content":{"rendered":"<p><a href=\"http:\/\/www.mskosticka.cz\/veverky\/wp-content\/uploads\/sites\/3\/2022\/03\/DEN-OTEVRENYCH-DVER-\u00cd-V-M\u0160-U-VEVEREK.pdf\">DEN OTEVRENYCH DVER \u00cd V M\u0160 U VEVEREK<\/a><a href=\"http:\/\/www.mskosticka.cz\/veverky\/wp-content\/uploads\/sites\/3\/2022\/03\/DEN-OTEVRENYCH-DVER-\u00cd-V-M\u0160-U-VEVEREK.jpg\"><img loading=\"lazy\" decoding=\"async\" class=\"alignnone wp-image-13466\" src=\"http:\/\/www.mskosticka.cz\/veverky\/wp-content\/uploads\/sites\/3\/2022\/03\/DEN-OTEVRENYCH-DVER-\u00cd-V-M\u0160-U-VEVEREK-212x300.jpg\" alt=\"\" width=\"338\" height=\"478\" \/><\/a><\/p>\n","protected":false},"excerpt":{"rendered":"<p>DEN OTEVRENYCH DVER \u00cd V M\u0160 U VEVEREK<\/p>\n","protected":false},"author":2,"featured_media":0,"parent":8844,"menu_order":0,"comment_status":"closed","ping_status":"closed","template":"news.php","meta":{"footnotes":""},"class_list":["post-13464","page","type-page","status-publish","hentry"],"_links":{"self":[{"href":"https:\/\/mskosticka.cz\/veverky\/wp-json\/wp\/v2\/pages\/13464","targetHints":{"allow":["GET"]}}],"collection":[{"href":"https:\/\/mskosticka.cz\/veverky\/wp-json\/wp\/v2\/pages"}],"about":[{"href":"https:\/\/mskosticka.cz\/veverky\/wp-json\/wp\/v2\/types\/page"}],"author":[{"embeddable":true,"href":"https:\/\/mskosticka.cz\/veverky\/wp-json\/wp\/v2\/users\/2"}],"replies":[{"embeddable":true,"href":"https:\/\/mskosticka.cz\/veverky\/wp-json\/wp\/v2\/comments?post=13464"}],"version-history":[{"count":5,"href":"https:\/\/mskosticka.cz\/veverky\/wp-json\/wp\/v2\/pages\/13464\/revisions"}],"predecessor-version":[{"id":13471,"href":"https:\/\/mskosticka.cz\/veverky\/wp-json\/wp\/v2\/pages\/13464\/revisions\/13471"}],"up":[{"embeddable":true,"href":"https:\/\/mskosticka.cz\/veverky\/wp-json\/wp\/v2\/pages\/8844"}],"wp:attachment":[{"href":"https:\/\/mskosticka.cz\/veverky\/wp-json\/wp\/v2\/media?parent=13464"}],"curies":[{"name":"wp","href":"https:\/\/api.w.org\/{rel}","templated":true}]}}