{"id":13472,"date":"2022-03-21T21:41:14","date_gmt":"2022-03-21T20:41:14","guid":{"rendered":"http:\/\/www.mskosticka.cz\/veverky\/?page_id=13472"},"modified":"2022-03-21T21:49:37","modified_gmt":"2022-03-21T20:49:37","slug":"zapis-deti-do-ms-na-skolni-rok-2022-2023","status":"publish","type":"page","link":"https:\/\/mskosticka.cz\/veverky\/aktuality\/zapis-deti-do-ms-na-skolni-rok-2022-2023\/","title":{"rendered":"Z\u00e1pis d\u011bt\u00ed do M\u0160 na \u0161koln\u00ed rok 2022\/2023"},"content":{"rendered":"<p><a href=\"http:\/\/www.mskosticka.cz\/veverky\/wp-content\/uploads\/sites\/3\/2022\/03\/z\u00e1pis-2-plak\u00e1t-1.pdf\">z\u00e1pis 2 plak\u00e1t<\/a><\/p>\n<p><a href=\"http:\/\/www.mskosticka.cz\/veverky\/wp-content\/uploads\/sites\/3\/2022\/03\/Obr\u00e1zek-21.03.2022-v-21.47.jpg\"><img loading=\"lazy\" decoding=\"async\" class=\"alignnone wp-image-13479\" src=\"http:\/\/www.mskosticka.cz\/veverky\/wp-content\/uploads\/sites\/3\/2022\/03\/Obr\u00e1zek-21.03.2022-v-21.47-300x208.jpg\" alt=\"\" width=\"417\" height=\"289\" \/><\/a><\/p>\n","protected":false},"excerpt":{"rendered":"<p>z\u00e1pis 2 plak\u00e1t<\/p>\n","protected":false},"author":2,"featured_media":0,"parent":8844,"menu_order":0,"comment_status":"closed","ping_status":"closed","template":"news.php","meta":{"footnotes":""},"class_list":["post-13472","page","type-page","status-publish","hentry"],"_links":{"self":[{"href":"https:\/\/mskosticka.cz\/veverky\/wp-json\/wp\/v2\/pages\/13472","targetHints":{"allow":["GET"]}}],"collection":[{"href":"https:\/\/mskosticka.cz\/veverky\/wp-json\/wp\/v2\/pages"}],"about":[{"href":"https:\/\/mskosticka.cz\/veverky\/wp-json\/wp\/v2\/types\/page"}],"author":[{"embeddable":true,"href":"https:\/\/mskosticka.cz\/veverky\/wp-json\/wp\/v2\/users\/2"}],"replies":[{"embeddable":true,"href":"https:\/\/mskosticka.cz\/veverky\/wp-json\/wp\/v2\/comments?post=13472"}],"version-history":[{"count":3,"href":"https:\/\/mskosticka.cz\/veverky\/wp-json\/wp\/v2\/pages\/13472\/revisions"}],"predecessor-version":[{"id":13480,"href":"https:\/\/mskosticka.cz\/veverky\/wp-json\/wp\/v2\/pages\/13472\/revisions\/13480"}],"up":[{"embeddable":true,"href":"https:\/\/mskosticka.cz\/veverky\/wp-json\/wp\/v2\/pages\/8844"}],"wp:attachment":[{"href":"https:\/\/mskosticka.cz\/veverky\/wp-json\/wp\/v2\/media?parent=13472"}],"curies":[{"name":"wp","href":"https:\/\/api.w.org\/{rel}","templated":true}]}}