{"id":17127,"date":"2023-03-20T21:56:14","date_gmt":"2023-03-20T20:56:14","guid":{"rendered":"http:\/\/www.mskosticka.cz\/veverky\/?page_id=17127"},"modified":"2023-03-20T21:58:25","modified_gmt":"2023-03-20T20:58:25","slug":"zapis-do-materske-skolky","status":"publish","type":"page","link":"https:\/\/mskosticka.cz\/veverky\/aktuality\/zapis-do-materske-skolky\/","title":{"rendered":"Z\u00e1pis do mate\u0159sk\u00e9 \u0161kolky"},"content":{"rendered":"<p><a href=\"http:\/\/www.mskosticka.cz\/veverky\/wp-content\/uploads\/sites\/3\/2023\/03\/prijimanideti.png\"><img loading=\"lazy\" decoding=\"async\" class=\"alignnone size-medium wp-image-17130\" src=\"http:\/\/www.mskosticka.cz\/veverky\/wp-content\/uploads\/sites\/3\/2023\/03\/prijimanideti-300x212.png\" alt=\"\" width=\"300\" height=\"212\" \/><\/a><\/p>\n","protected":false},"excerpt":{"rendered":"","protected":false},"author":2,"featured_media":0,"parent":8844,"menu_order":0,"comment_status":"closed","ping_status":"closed","template":"news.php","meta":{"footnotes":""},"class_list":["post-17127","page","type-page","status-publish","hentry"],"_links":{"self":[{"href":"https:\/\/mskosticka.cz\/veverky\/wp-json\/wp\/v2\/pages\/17127","targetHints":{"allow":["GET"]}}],"collection":[{"href":"https:\/\/mskosticka.cz\/veverky\/wp-json\/wp\/v2\/pages"}],"about":[{"href":"https:\/\/mskosticka.cz\/veverky\/wp-json\/wp\/v2\/types\/page"}],"author":[{"embeddable":true,"href":"https:\/\/mskosticka.cz\/veverky\/wp-json\/wp\/v2\/users\/2"}],"replies":[{"embeddable":true,"href":"https:\/\/mskosticka.cz\/veverky\/wp-json\/wp\/v2\/comments?post=17127"}],"version-history":[{"count":4,"href":"https:\/\/mskosticka.cz\/veverky\/wp-json\/wp\/v2\/pages\/17127\/revisions"}],"predecessor-version":[{"id":17132,"href":"https:\/\/mskosticka.cz\/veverky\/wp-json\/wp\/v2\/pages\/17127\/revisions\/17132"}],"up":[{"embeddable":true,"href":"https:\/\/mskosticka.cz\/veverky\/wp-json\/wp\/v2\/pages\/8844"}],"wp:attachment":[{"href":"https:\/\/mskosticka.cz\/veverky\/wp-json\/wp\/v2\/media?parent=17127"}],"curies":[{"name":"wp","href":"https:\/\/api.w.org\/{rel}","templated":true}]}}