{"id":20162,"date":"2024-01-19T09:40:36","date_gmt":"2024-01-19T08:40:36","guid":{"rendered":"http:\/\/www.mskosticka.cz\/veverky\/?page_id=20162"},"modified":"2024-01-19T09:52:29","modified_gmt":"2024-01-19T08:52:29","slug":"20162-2","status":"publish","type":"page","link":"https:\/\/mskosticka.cz\/veverky\/aktuality\/20162-2\/","title":{"rendered":"Schv\u00e1len\u00ed na uzav\u0159en\u00ed M\u0160 ve \u0161koln\u00edm roce 2023\/2024."},"content":{"rendered":"<p style=\"text-align: center\"><a href=\"http:\/\/www.mskosticka.cz\/veverky\/wp-content\/uploads\/sites\/3\/2024\/01\/Aktualita_12-2023.jpg\"><img loading=\"lazy\" decoding=\"async\" class=\"alignnone size-medium wp-image-20167\" src=\"http:\/\/www.mskosticka.cz\/veverky\/wp-content\/uploads\/sites\/3\/2024\/01\/Aktualita_12-2023-216x300.jpg\" alt=\"\" width=\"216\" height=\"300\" \/><\/a><\/p>\n","protected":false},"excerpt":{"rendered":"","protected":false},"author":2,"featured_media":20167,"parent":8844,"menu_order":0,"comment_status":"closed","ping_status":"closed","template":"news.php","meta":{"footnotes":""},"class_list":["post-20162","page","type-page","status-publish","has-post-thumbnail","hentry"],"_links":{"self":[{"href":"https:\/\/mskosticka.cz\/veverky\/wp-json\/wp\/v2\/pages\/20162","targetHints":{"allow":["GET"]}}],"collection":[{"href":"https:\/\/mskosticka.cz\/veverky\/wp-json\/wp\/v2\/pages"}],"about":[{"href":"https:\/\/mskosticka.cz\/veverky\/wp-json\/wp\/v2\/types\/page"}],"author":[{"embeddable":true,"href":"https:\/\/mskosticka.cz\/veverky\/wp-json\/wp\/v2\/users\/2"}],"replies":[{"embeddable":true,"href":"https:\/\/mskosticka.cz\/veverky\/wp-json\/wp\/v2\/comments?post=20162"}],"version-history":[{"count":6,"href":"https:\/\/mskosticka.cz\/veverky\/wp-json\/wp\/v2\/pages\/20162\/revisions"}],"predecessor-version":[{"id":20170,"href":"https:\/\/mskosticka.cz\/veverky\/wp-json\/wp\/v2\/pages\/20162\/revisions\/20170"}],"up":[{"embeddable":true,"href":"https:\/\/mskosticka.cz\/veverky\/wp-json\/wp\/v2\/pages\/8844"}],"wp:featuredmedia":[{"embeddable":true,"href":"https:\/\/mskosticka.cz\/veverky\/wp-json\/wp\/v2\/media\/20167"}],"wp:attachment":[{"href":"https:\/\/mskosticka.cz\/veverky\/wp-json\/wp\/v2\/media?parent=20162"}],"curies":[{"name":"wp","href":"https:\/\/api.w.org\/{rel}","templated":true}]}}