{"id":21199,"date":"2024-03-05T21:11:38","date_gmt":"2024-03-05T20:11:38","guid":{"rendered":"http:\/\/www.mskosticka.cz\/veverky\/?page_id=21199"},"modified":"2024-03-23T21:25:54","modified_gmt":"2024-03-23T20:25:54","slug":"den-otevrenych-dveri-6","status":"publish","type":"page","link":"https:\/\/mskosticka.cz\/veverky\/aktuality\/den-otevrenych-dveri-6\/","title":{"rendered":"Den otev\u0159en\u00fdch dve\u0159\u00ed"},"content":{"rendered":"<p><a href=\"http:\/\/www.mskosticka.cz\/veverky\/wp-content\/uploads\/sites\/3\/2024\/03\/DEN-OTEV\u0158EN\u00ddCH-DVE\u0158\u00cd-2024.jpg\"><img loading=\"lazy\" decoding=\"async\" class=\"alignnone size-medium wp-image-21206\" src=\"http:\/\/www.mskosticka.cz\/veverky\/wp-content\/uploads\/sites\/3\/2024\/03\/DEN-OTEV\u0158EN\u00ddCH-DVE\u0158\u00cd-2024-212x300.jpg\" alt=\"\" width=\"212\" height=\"300\" \/><\/a><\/p>\n","protected":false},"excerpt":{"rendered":"","protected":false},"author":2,"featured_media":21206,"parent":8844,"menu_order":0,"comment_status":"closed","ping_status":"closed","template":"news.php","meta":{"footnotes":""},"class_list":["post-21199","page","type-page","status-publish","has-post-thumbnail","hentry"],"_links":{"self":[{"href":"https:\/\/mskosticka.cz\/veverky\/wp-json\/wp\/v2\/pages\/21199","targetHints":{"allow":["GET"]}}],"collection":[{"href":"https:\/\/mskosticka.cz\/veverky\/wp-json\/wp\/v2\/pages"}],"about":[{"href":"https:\/\/mskosticka.cz\/veverky\/wp-json\/wp\/v2\/types\/page"}],"author":[{"embeddable":true,"href":"https:\/\/mskosticka.cz\/veverky\/wp-json\/wp\/v2\/users\/2"}],"replies":[{"embeddable":true,"href":"https:\/\/mskosticka.cz\/veverky\/wp-json\/wp\/v2\/comments?post=21199"}],"version-history":[{"count":4,"href":"https:\/\/mskosticka.cz\/veverky\/wp-json\/wp\/v2\/pages\/21199\/revisions"}],"predecessor-version":[{"id":21207,"href":"https:\/\/mskosticka.cz\/veverky\/wp-json\/wp\/v2\/pages\/21199\/revisions\/21207"}],"up":[{"embeddable":true,"href":"https:\/\/mskosticka.cz\/veverky\/wp-json\/wp\/v2\/pages\/8844"}],"wp:featuredmedia":[{"embeddable":true,"href":"https:\/\/mskosticka.cz\/veverky\/wp-json\/wp\/v2\/media\/21206"}],"wp:attachment":[{"href":"https:\/\/mskosticka.cz\/veverky\/wp-json\/wp\/v2\/media?parent=21199"}],"curies":[{"name":"wp","href":"https:\/\/api.w.org\/{rel}","templated":true}]}}