{"id":22081,"date":"2024-05-23T08:20:36","date_gmt":"2024-05-23T06:20:36","guid":{"rendered":"http:\/\/www.mskosticka.cz\/veverky\/?page_id=22081"},"modified":"2024-05-23T08:25:21","modified_gmt":"2024-05-23T06:25:21","slug":"22081-2","status":"publish","type":"page","link":"https:\/\/mskosticka.cz\/veverky\/aktuality\/22081-2\/","title":{"rendered":"P\u0159ijat\u00e9 d\u011bti do M\u0160 Kosti\u010dka \u2013 U veverek; Komensk\u00e9ho 581; Milovice \u2013 Mlad\u00e1; 289 243 pro \u0161koln\u00ed rok 2024\/2025"},"content":{"rendered":"<p><a href=\"http:\/\/www.mskosticka.cz\/veverky\/wp-content\/uploads\/sites\/3\/2024\/05\/P\u0158IJAT\u00cd-M\u0160-U-Veverek-z\u00e1pis-2024-25.pdf\">P\u0159ijat\u00ed pro \u0161koln\u00ed rok 2024\/2025 &#8211; U Veverek<\/a><\/p>\n","protected":false},"excerpt":{"rendered":"<p>P\u0159ijat\u00ed pro \u0161koln\u00ed rok 2024\/2025 &#8211; U Veverek<\/p>\n","protected":false},"author":2,"featured_media":0,"parent":8844,"menu_order":0,"comment_status":"closed","ping_status":"closed","template":"news.php","meta":{"footnotes":""},"class_list":["post-22081","page","type-page","status-publish","hentry"],"_links":{"self":[{"href":"https:\/\/mskosticka.cz\/veverky\/wp-json\/wp\/v2\/pages\/22081","targetHints":{"allow":["GET"]}}],"collection":[{"href":"https:\/\/mskosticka.cz\/veverky\/wp-json\/wp\/v2\/pages"}],"about":[{"href":"https:\/\/mskosticka.cz\/veverky\/wp-json\/wp\/v2\/types\/page"}],"author":[{"embeddable":true,"href":"https:\/\/mskosticka.cz\/veverky\/wp-json\/wp\/v2\/users\/2"}],"replies":[{"embeddable":true,"href":"https:\/\/mskosticka.cz\/veverky\/wp-json\/wp\/v2\/comments?post=22081"}],"version-history":[{"count":3,"href":"https:\/\/mskosticka.cz\/veverky\/wp-json\/wp\/v2\/pages\/22081\/revisions"}],"predecessor-version":[{"id":22085,"href":"https:\/\/mskosticka.cz\/veverky\/wp-json\/wp\/v2\/pages\/22081\/revisions\/22085"}],"up":[{"embeddable":true,"href":"https:\/\/mskosticka.cz\/veverky\/wp-json\/wp\/v2\/pages\/8844"}],"wp:attachment":[{"href":"https:\/\/mskosticka.cz\/veverky\/wp-json\/wp\/v2\/media?parent=22081"}],"curies":[{"name":"wp","href":"https:\/\/api.w.org\/{rel}","templated":true}]}}