{"id":23565,"date":"2025-03-15T10:19:51","date_gmt":"2025-03-15T09:19:51","guid":{"rendered":"http:\/\/www.mskosticka.cz\/veverky\/?page_id=23565"},"modified":"2025-03-15T10:26:48","modified_gmt":"2025-03-15T09:26:48","slug":"den-otevrenych-dveri-7","status":"publish","type":"page","link":"https:\/\/mskosticka.cz\/veverky\/aktuality\/den-otevrenych-dveri-7\/","title":{"rendered":"Den otev\u0159en\u00fdch dve\u0159\u00ed"},"content":{"rendered":"<p><a href=\"http:\/\/www.mskosticka.cz\/veverky\/wp-content\/uploads\/sites\/3\/2025\/03\/Den-otevr\u030ceny\u0301ch-dver\u030ci\u0301-2025-U-Veverek.pdf\">Den otevr\u030ceny\u0301ch dver\u030ci\u0301 2025 U Veverek<\/a><\/p>\n","protected":false},"excerpt":{"rendered":"<p>Den otevr\u030ceny\u0301ch dver\u030ci\u0301 2025 U Veverek<\/p>\n","protected":false},"author":2,"featured_media":23569,"parent":8844,"menu_order":0,"comment_status":"closed","ping_status":"closed","template":"news.php","meta":{"footnotes":""},"class_list":["post-23565","page","type-page","status-publish","has-post-thumbnail","hentry"],"_links":{"self":[{"href":"https:\/\/mskosticka.cz\/veverky\/wp-json\/wp\/v2\/pages\/23565","targetHints":{"allow":["GET"]}}],"collection":[{"href":"https:\/\/mskosticka.cz\/veverky\/wp-json\/wp\/v2\/pages"}],"about":[{"href":"https:\/\/mskosticka.cz\/veverky\/wp-json\/wp\/v2\/types\/page"}],"author":[{"embeddable":true,"href":"https:\/\/mskosticka.cz\/veverky\/wp-json\/wp\/v2\/users\/2"}],"replies":[{"embeddable":true,"href":"https:\/\/mskosticka.cz\/veverky\/wp-json\/wp\/v2\/comments?post=23565"}],"version-history":[{"count":3,"href":"https:\/\/mskosticka.cz\/veverky\/wp-json\/wp\/v2\/pages\/23565\/revisions"}],"predecessor-version":[{"id":23570,"href":"https:\/\/mskosticka.cz\/veverky\/wp-json\/wp\/v2\/pages\/23565\/revisions\/23570"}],"up":[{"embeddable":true,"href":"https:\/\/mskosticka.cz\/veverky\/wp-json\/wp\/v2\/pages\/8844"}],"wp:featuredmedia":[{"embeddable":true,"href":"https:\/\/mskosticka.cz\/veverky\/wp-json\/wp\/v2\/media\/23569"}],"wp:attachment":[{"href":"https:\/\/mskosticka.cz\/veverky\/wp-json\/wp\/v2\/media?parent=23565"}],"curies":[{"name":"wp","href":"https:\/\/api.w.org\/{rel}","templated":true}]}}