{"id":24522,"date":"2025-08-18T22:29:29","date_gmt":"2025-08-18T20:29:29","guid":{"rendered":"https:\/\/mskosticka.cz\/veverky\/?page_id=24522"},"modified":"2025-08-18T22:31:36","modified_gmt":"2025-08-18T20:31:36","slug":"platby-skolneho","status":"publish","type":"page","link":"https:\/\/mskosticka.cz\/veverky\/aktuality\/platby-skolneho\/","title":{"rendered":"PLATBY \u0160KOLN\u00c9HO"},"content":{"rendered":"\n<p>Od 1.z\u00e1\u0159\u00ed se na z\u00e1klad\u011b usnesen\u00ed Rady m\u011bsta<\/p>\n\n\n\n<p>v\u00fd\u0161e \u0161koln\u00e9ho v M\u0160 Kosti\u010dka a v M\u0160 U veverek stanovuje na 800,-K\u010d m\u011bs\u00ed\u010dn\u011b.<\/p>\n\n\n\n<p>D\u011bti v posledn\u00edm roce p\u0159ed\u0161koln\u00edho vzd\u011bl\u00e1v\u00e1n\u00ed \u0161koln\u00e9 neplat\u00ed.<\/p>\n\n\n\n<p>Jana K\u0159i\u0161\u0165anov\u00e1<\/p>\n","protected":false},"excerpt":{"rendered":"<p>Od 1.z\u00e1\u0159\u00ed se na z\u00e1klad\u011b usnesen\u00ed Rady m\u011bsta v\u00fd\u0161e \u0161koln\u00e9ho v M\u0160 Kosti\u010dka a v M\u0160 U veverek stanovuje na &hellip;<\/p>\n","protected":false},"author":2,"featured_media":0,"parent":8844,"menu_order":0,"comment_status":"closed","ping_status":"closed","template":"news.php","meta":{"footnotes":""},"class_list":["post-24522","page","type-page","status-publish","hentry"],"_links":{"self":[{"href":"https:\/\/mskosticka.cz\/veverky\/wp-json\/wp\/v2\/pages\/24522","targetHints":{"allow":["GET"]}}],"collection":[{"href":"https:\/\/mskosticka.cz\/veverky\/wp-json\/wp\/v2\/pages"}],"about":[{"href":"https:\/\/mskosticka.cz\/veverky\/wp-json\/wp\/v2\/types\/page"}],"author":[{"embeddable":true,"href":"https:\/\/mskosticka.cz\/veverky\/wp-json\/wp\/v2\/users\/2"}],"replies":[{"embeddable":true,"href":"https:\/\/mskosticka.cz\/veverky\/wp-json\/wp\/v2\/comments?post=24522"}],"version-history":[{"count":1,"href":"https:\/\/mskosticka.cz\/veverky\/wp-json\/wp\/v2\/pages\/24522\/revisions"}],"predecessor-version":[{"id":24523,"href":"https:\/\/mskosticka.cz\/veverky\/wp-json\/wp\/v2\/pages\/24522\/revisions\/24523"}],"up":[{"embeddable":true,"href":"https:\/\/mskosticka.cz\/veverky\/wp-json\/wp\/v2\/pages\/8844"}],"wp:attachment":[{"href":"https:\/\/mskosticka.cz\/veverky\/wp-json\/wp\/v2\/media?parent=24522"}],"curies":[{"name":"wp","href":"https:\/\/api.w.org\/{rel}","templated":true}]}}