{"id":24573,"date":"2026-01-14T23:15:37","date_gmt":"2026-01-14T22:15:37","guid":{"rendered":"https:\/\/mskosticka.cz\/veverky\/?page_id=24573"},"modified":"2026-01-14T23:26:29","modified_gmt":"2026-01-14T22:26:29","slug":"den-otevrenych-dveri-2-3-2026","status":"publish","type":"page","link":"https:\/\/mskosticka.cz\/veverky\/aktuality\/den-otevrenych-dveri-2-3-2026\/","title":{"rendered":"Den otev\u0159en\u00fdch dve\u0159\u00ed 2.3.2026"},"content":{"rendered":"\n<p>P\u0159ij\u010fte se k n\u00e1m pod\u00edvat a na chvilku si pohr\u00e1t \u2013 <a href=\"https:\/\/mskosticka.cz\/veverky\/wp-content\/uploads\/sites\/3\/2026\/01\/DEN-OTEVRENYCH-DVERI-2026.pdf\">Den otev\u0159en\u00fdch dve\u0159\u00ed v pond\u011bl\u00ed 2.3.2026<\/a><\/p>\n\n\n","protected":false},"excerpt":{"rendered":"<p>P\u0159ij\u010fte se k n\u00e1m pod\u00edvat a na chvilku si pohr\u00e1t \u2013 Den otev\u0159en\u00fdch dve\u0159\u00ed v pond\u011bl\u00ed 2.3.2026<\/p>\n","protected":false},"author":3,"featured_media":0,"parent":8844,"menu_order":0,"comment_status":"closed","ping_status":"closed","template":"news.php","meta":{"footnotes":""},"class_list":["post-24573","page","type-page","status-publish","hentry"],"_links":{"self":[{"href":"https:\/\/mskosticka.cz\/veverky\/wp-json\/wp\/v2\/pages\/24573","targetHints":{"allow":["GET"]}}],"collection":[{"href":"https:\/\/mskosticka.cz\/veverky\/wp-json\/wp\/v2\/pages"}],"about":[{"href":"https:\/\/mskosticka.cz\/veverky\/wp-json\/wp\/v2\/types\/page"}],"author":[{"embeddable":true,"href":"https:\/\/mskosticka.cz\/veverky\/wp-json\/wp\/v2\/users\/3"}],"replies":[{"embeddable":true,"href":"https:\/\/mskosticka.cz\/veverky\/wp-json\/wp\/v2\/comments?post=24573"}],"version-history":[{"count":6,"href":"https:\/\/mskosticka.cz\/veverky\/wp-json\/wp\/v2\/pages\/24573\/revisions"}],"predecessor-version":[{"id":24581,"href":"https:\/\/mskosticka.cz\/veverky\/wp-json\/wp\/v2\/pages\/24573\/revisions\/24581"}],"up":[{"embeddable":true,"href":"https:\/\/mskosticka.cz\/veverky\/wp-json\/wp\/v2\/pages\/8844"}],"wp:attachment":[{"href":"https:\/\/mskosticka.cz\/veverky\/wp-json\/wp\/v2\/media?parent=24573"}],"curies":[{"name":"wp","href":"https:\/\/api.w.org\/{rel}","templated":true}]}}