{"id":24600,"date":"2026-03-25T13:32:22","date_gmt":"2026-03-25T12:32:22","guid":{"rendered":"https:\/\/mskosticka.cz\/veverky\/?page_id=24600"},"modified":"2026-03-25T13:37:21","modified_gmt":"2026-03-25T12:37:21","slug":"vysledky-zapisu-do-ms-u-veverek","status":"publish","type":"page","link":"https:\/\/mskosticka.cz\/veverky\/aktuality\/vysledky-zapisu-do-ms-u-veverek\/","title":{"rendered":"V\u00fdsledky z\u00e1pisu do M\u0160 U Veverek"},"content":{"rendered":"\n<p>V\u00fdsledky z\u00e1pisu do M\u0160 U Veverek, v\u00edce informac\u00ed v sekci <a href=\"https:\/\/mskosticka.cz\/veverky\/prijimani-deti\/\">p\u0159ij\u00edm\u00e1n\u00ed d\u011bt\u00ed<\/a>.<\/p>\n\n\n","protected":false},"excerpt":{"rendered":"<p>V\u00fdsledky z\u00e1pisu do M\u0160 U Veverek, v\u00edce informac\u00ed v sekci p\u0159ij\u00edm\u00e1n\u00ed d\u011bt\u00ed.<\/p>\n","protected":false},"author":3,"featured_media":0,"parent":8844,"menu_order":0,"comment_status":"closed","ping_status":"closed","template":"news.php","meta":{"footnotes":""},"class_list":["post-24600","page","type-page","status-publish","hentry"],"_links":{"self":[{"href":"https:\/\/mskosticka.cz\/veverky\/wp-json\/wp\/v2\/pages\/24600","targetHints":{"allow":["GET"]}}],"collection":[{"href":"https:\/\/mskosticka.cz\/veverky\/wp-json\/wp\/v2\/pages"}],"about":[{"href":"https:\/\/mskosticka.cz\/veverky\/wp-json\/wp\/v2\/types\/page"}],"author":[{"embeddable":true,"href":"https:\/\/mskosticka.cz\/veverky\/wp-json\/wp\/v2\/users\/3"}],"replies":[{"embeddable":true,"href":"https:\/\/mskosticka.cz\/veverky\/wp-json\/wp\/v2\/comments?post=24600"}],"version-history":[{"count":2,"href":"https:\/\/mskosticka.cz\/veverky\/wp-json\/wp\/v2\/pages\/24600\/revisions"}],"predecessor-version":[{"id":24602,"href":"https:\/\/mskosticka.cz\/veverky\/wp-json\/wp\/v2\/pages\/24600\/revisions\/24602"}],"up":[{"embeddable":true,"href":"https:\/\/mskosticka.cz\/veverky\/wp-json\/wp\/v2\/pages\/8844"}],"wp:attachment":[{"href":"https:\/\/mskosticka.cz\/veverky\/wp-json\/wp\/v2\/media?parent=24600"}],"curies":[{"name":"wp","href":"https:\/\/api.w.org\/{rel}","templated":true}]}}