{"id":48,"date":"2017-10-06T22:30:39","date_gmt":"2017-10-06T20:30:39","guid":{"rendered":"http:\/\/localhost\/misc\/mskosticka\/www\/?page_id=25"},"modified":"2026-01-05T21:46:35","modified_gmt":"2026-01-05T20:46:35","slug":"platby","status":"publish","type":"page","link":"https:\/\/mskosticka.cz\/veverky\/platby\/","title":{"rendered":"Platby"},"content":{"rendered":"<p><strong>V\u00fd\u0161e m\u011bs\u00ed\u010dn\u00edho \u0161koln\u00e9ho<\/strong> se od 1.9.2025 stanov\u00ed na <strong>800\u00a0K\u010d m\u011bs\u00ed\u010dn\u011b<\/strong>\u00a0(nezahrnuje nap\u0159. stravn\u00e9).<\/p>\n<p><strong>P\u0159ed\u0161kol\u00e1ci<\/strong> (d\u011bti posledn\u00ed rok a\u017e dva \/odklady\/ p\u0159ed n\u00e1stupem \u0161koln\u00ed doch\u00e1zky \u2013 povinn\u00e1 p\u0159ed\u0161koln\u00ed doch\u00e1zka)\u00a0<strong>\u0161koln\u00e9 neplat\u00ed.<\/strong><\/p>\n<p><strong>Splatnost \u0161koln\u00e9ho je v\u017edy k 15., ka\u017ed\u00e9ho m\u011bs\u00edce.<\/strong><\/p>\n<p><strong>P\u0159i platb\u011b na \u00fa\u010det\u00a0 uv\u00e1d\u011bjte pros\u00edm V\u017dDY variabiln\u00ed symbol, kter\u00fd V\u00e1m bude p\u0159id\u011blen. Jm\u00e9no a p\u0159\u00edjmen\u00ed d\u00edt\u011bte a m\u011bs\u00edc, za kter\u00fd \u0161koln\u00e9 plat\u00edte uve\u010fte do textov\u00e9ho av\u00edza.<\/strong><\/p>\n<p><strong>\u010c\u00edslo \u00fa\u010dtu pro platbu \u0161koln\u00e9ho je 2664276359\/0800.<\/strong><\/p>\n<p><strong>Fond rodi\u010d\u016f<\/strong> (fond kultury)na kulturn\u00ed po\u0159ady pro d\u011bti \u2013 <strong>2 000,- K\u010d za rok<\/strong> (mo\u017eno zaplatit ve dvou spl\u00e1tk\u00e1ch po 1000,-K\u010d), nejpozd\u011bji do 17.10. a ve druh\u00e9m pololet\u00ed \u0161koln\u00edho roku do 17.1. \u010c\u00edslo \u00fa\u010dtu pro <strong>fond kultury<\/strong> je <strong>107 \u2013 2664276359\/ 0800.<\/strong><\/p>\n<p><strong>Stravn\u00e9<\/strong> se plat\u00ed firm\u011b PRIMIREST, bli\u017e\u0161\u00ed informace k platb\u011b za stravn\u00e9 se dozv\u00edte ve \u0161kolce na n\u00e1st\u011bnce PRIMIRESTU.<\/p>\n<p>D\u011bkujeme v\u00e1m za pochopen\u00ed a dodr\u017eov\u00e1n\u00ed term\u00edn\u016f plateb.<\/p>\n","protected":false},"excerpt":{"rendered":"<p>V\u00fd\u0161e m\u011bs\u00ed\u010dn\u00edho \u0161koln\u00e9ho se od 1.9.2025 stanov\u00ed na 800\u00a0K\u010d m\u011bs\u00ed\u010dn\u011b\u00a0(nezahrnuje nap\u0159. stravn\u00e9). P\u0159ed\u0161kol\u00e1ci (d\u011bti posledn\u00ed rok a\u017e dva \/odklady\/ p\u0159ed &hellip;<\/p>\n","protected":false},"author":2,"featured_media":0,"parent":0,"menu_order":4,"comment_status":"closed","ping_status":"closed","template":"","meta":{"footnotes":""},"class_list":["post-48","page","type-page","status-publish","hentry"],"_links":{"self":[{"href":"https:\/\/mskosticka.cz\/veverky\/wp-json\/wp\/v2\/pages\/48","targetHints":{"allow":["GET"]}}],"collection":[{"href":"https:\/\/mskosticka.cz\/veverky\/wp-json\/wp\/v2\/pages"}],"about":[{"href":"https:\/\/mskosticka.cz\/veverky\/wp-json\/wp\/v2\/types\/page"}],"author":[{"embeddable":true,"href":"https:\/\/mskosticka.cz\/veverky\/wp-json\/wp\/v2\/users\/2"}],"replies":[{"embeddable":true,"href":"https:\/\/mskosticka.cz\/veverky\/wp-json\/wp\/v2\/comments?post=48"}],"version-history":[{"count":12,"href":"https:\/\/mskosticka.cz\/veverky\/wp-json\/wp\/v2\/pages\/48\/revisions"}],"predecessor-version":[{"id":24572,"href":"https:\/\/mskosticka.cz\/veverky\/wp-json\/wp\/v2\/pages\/48\/revisions\/24572"}],"wp:attachment":[{"href":"https:\/\/mskosticka.cz\/veverky\/wp-json\/wp\/v2\/media?parent=48"}],"curies":[{"name":"wp","href":"https:\/\/api.w.org\/{rel}","templated":true}]}}