{"id":6527,"date":"2018-10-08T18:31:49","date_gmt":"2018-10-08T16:31:49","guid":{"rendered":"http:\/\/misc.david-stary.cz\/mskosticka\/www\/veverky\/?page_id=6527"},"modified":"2024-09-05T20:46:23","modified_gmt":"2024-09-05T18:46:23","slug":"kontakt","status":"publish","type":"page","link":"https:\/\/mskosticka.cz\/veverky\/kontakt\/","title":{"rendered":"Kontakt"},"content":{"rendered":"<h2>Adresa odlou\u010den\u00e9ho pracovi\u0161t\u011b:<\/h2>\n<h4>M\u0160 Kosti\u010dka &#8211; U veverek<br \/>\nKomensk\u00e9ho 581<br \/>\nMilovice &#8211; Mlad\u00e1<br \/>\n289 24<\/h4>\n<p>Telefon: \u00a0+420 602 123 758<br \/>\nE-mail:\u00a0veverky@mskosticka.cz<br \/>\nFacebook: https:\/\/www.facebook.com\/M\u0160-Kosti\u010dka-U-veverek-274180899889520\/<br \/>\nZ\u00e1stupkyn\u011b \u0159editelky pro M\u0160 U Veverek je pan\u00ed Kate\u0159ina \u010celustkov\u00e1<br \/>\ntel: +420 602 123 758<\/p>\n<h2>Organizace:<\/h2>\n<p>M\u0160 Kosti\u010dka, p\u0159\u00edsp\u011bvkov\u00e1 organizace Milovice-Mlad\u00e1,<br \/>\nTyr\u0161ova 1500,<br \/>\n289\u00a023 MILOVICE<br \/>\nI\u010c: 72536691<br \/>\nDatov\u00e1 Schr\u00e1nka: 5k3356t<br \/>\n<span style=\"font-size: 1.0625rem;letter-spacing: -0.0625rem\">E-mail:\u00a0<\/span><a style=\"background-color: #ffffff;font-size: 1.0625rem;letter-spacing: -0.0625rem\" href=\"mailto:jana.kristanova@mskosticka.cz\">jana.kristanova@mskosticka.cz<\/a><br \/>\nFacebook \u2013\u00a0<a style=\"background-color: #ffffff\" href=\"https:\/\/www.facebook.com\/mskosticka\" target=\"_blank\" rel=\"noopener\">https:\/\/www.facebook.com\/mskosticka<\/a><\/p>\n<p>\u0158editelka \u0161koly: \u00a0Mgr. Jana K\u0159i\u0161\u0165anov\u00e1<br \/>\nTelefon: \u00a0+420 724 354 534<\/p>\n<p>\u00fa\u0159edn\u00ed hodiny: st\u0159eda 10:00 &#8211; 17:00<br \/>\nV budove M\u0160 Kosti\u010dka v kancel\u00e1\u0159i \u0159editelky<br \/>\nTyr\u0161ova 1500, Milovice<\/p>\n<p>Pov\u011b\u0159enec pro ochranu osobn\u00edch \u00fadaj\u016f pro M\u0160 Kosticka je:<br \/>\n<strong>BDO Advisory s.r.o.<\/strong><br \/>\nROMAN \u0160M\u00cdD<br \/>\nSenior consultant<br \/>\ntel.: +420\u00a0724 602 134<br \/>\nmail.: roman.smid@bdo.cz<br \/>\nKarolinsk\u00e1 661\/4<br \/>\n186 00 Praha 8<br \/>\nCZECH REPUBLIC<br \/>\nwww.bdo.cz<br \/>\n<strong>Dokumenty GDPR<\/strong><br \/>\n<a href=\"http:\/\/www.mskosticka.cz\/veverky\/wp-content\/uploads\/sites\/3\/2019\/10\/Informa\u010dn\u00ed-memorandum-\u017e\u00e1k.pdf\">Informa\u010dn\u00ed memorandum &#8211; \u017e\u00e1k<\/a><\/p>\n","protected":false},"excerpt":{"rendered":"<p>Adresa odlou\u010den\u00e9ho pracovi\u0161t\u011b: M\u0160 Kosti\u010dka &#8211; U veverek Komensk\u00e9ho 581 Milovice &#8211; Mlad\u00e1 289 24 Telefon: \u00a0+420 602 123 758 &hellip;<\/p>\n","protected":false},"author":2,"featured_media":0,"parent":0,"menu_order":2,"comment_status":"closed","ping_status":"closed","template":"contact.php","meta":{"footnotes":""},"class_list":["post-6527","page","type-page","status-publish","hentry"],"_links":{"self":[{"href":"https:\/\/mskosticka.cz\/veverky\/wp-json\/wp\/v2\/pages\/6527","targetHints":{"allow":["GET"]}}],"collection":[{"href":"https:\/\/mskosticka.cz\/veverky\/wp-json\/wp\/v2\/pages"}],"about":[{"href":"https:\/\/mskosticka.cz\/veverky\/wp-json\/wp\/v2\/types\/page"}],"author":[{"embeddable":true,"href":"https:\/\/mskosticka.cz\/veverky\/wp-json\/wp\/v2\/users\/2"}],"replies":[{"embeddable":true,"href":"https:\/\/mskosticka.cz\/veverky\/wp-json\/wp\/v2\/comments?post=6527"}],"version-history":[{"count":17,"href":"https:\/\/mskosticka.cz\/veverky\/wp-json\/wp\/v2\/pages\/6527\/revisions"}],"predecessor-version":[{"id":22854,"href":"https:\/\/mskosticka.cz\/veverky\/wp-json\/wp\/v2\/pages\/6527\/revisions\/22854"}],"wp:attachment":[{"href":"https:\/\/mskosticka.cz\/veverky\/wp-json\/wp\/v2\/media?parent=6527"}],"curies":[{"name":"wp","href":"https:\/\/api.w.org\/{rel}","templated":true}]}}