{"id":6537,"date":"2018-10-08T18:37:06","date_gmt":"2018-10-08T16:37:06","guid":{"rendered":"http:\/\/misc.david-stary.cz\/mskosticka\/www\/veverky\/?page_id=6537"},"modified":"2026-03-25T13:44:32","modified_gmt":"2026-03-25T12:44:32","slug":"prijimani-deti","status":"publish","type":"page","link":"https:\/\/mskosticka.cz\/veverky\/prijimani-deti\/","title":{"rendered":"P\u0159ij\u00edm\u00e1n\u00ed d\u011bt\u00ed"},"content":{"rendered":"\n<p><a href=\"https:\/\/mskosticka.cz\/skritci\/wp-content\/uploads\/sites\/2\/2026\/03\/WhatsApp-Image-2026-03-25-at-12.25.20-1.jpeg\">V\u00fdsledky z\u00e1pisu do M\u0160 U Veverek &#8211; p\u0159ijat\u00e9 d\u011bti pro \u0161koln\u00ed rok 2026\/2027<\/a><\/p>\n\n\n\n<p><a href=\"https:\/\/mskosticka.cz\/veverky\/wp-content\/uploads\/sites\/3\/2026\/02\/informace_pro_rodice_k_prijimacimu_rizeni.pdf\">Z\u00e1pis 2026 \/ 2027<\/a><\/p>\n<p><a href=\"http:\/\/www.mskosticka.cz\/veverky\/wp-content\/uploads\/sites\/3\/2023\/04\/Zadost_o_prijeti_ditete_do_MS.pdf\">\u017d\u00e1dost o p\u0159ijet\u00ed d\u00edt\u011bte do M\u0160<\/a><\/p>\n<p><a href=\"https:\/\/mskosticka.cz\/veverky\/wp-content\/uploads\/sites\/3\/2026\/02\/Kriteria_26-27.pdf\">Stanoven\u00ed kriteri\u00ed pro p\u0159ijet\u00ed d\u00edt\u011bte<\/a><\/p>\n<p><a href=\"http:\/\/www.mskosticka.cz\/veverky\/wp-content\/uploads\/sites\/3\/2023\/03\/informace_o_prijimani_deti_do_kosticky.pdf\">P\u0159ij\u00edm\u00e1n\u00ed d\u011bt\u00ed do M\u0160 Kosti\u010dka<\/a><\/p>\n<p><a href=\"http:\/\/www.mskosticka.cz\/veverky\/wp-content\/uploads\/sites\/3\/2021\/04\/Adaptacni_program.pdf\">Adapta\u010dn\u00ed program<\/a><\/p>\n<p><a href=\"http:\/\/www.mskosticka.cz\/veverky\/wp-content\/uploads\/sites\/3\/2021\/04\/Co_potrebuji_deti_do_skolky.pdf\">Co d\u011bti pot\u0159ebuj\u00ed do mate\u0159sk\u00e9 \u0161koly<\/a><\/p>\n\n\n","protected":false},"excerpt":{"rendered":"<p>V\u00fdsledky z\u00e1pisu do M\u0160 U Veverek &#8211; p\u0159ijat\u00e9 d\u011bti pro \u0161koln\u00ed rok 2026\/2027 Z\u00e1pis 2026 \/ 2027 \u017d\u00e1dost o p\u0159ijet\u00ed &hellip;<\/p>\n","protected":false},"author":2,"featured_media":0,"parent":0,"menu_order":9,"comment_status":"closed","ping_status":"closed","template":"","meta":{"footnotes":""},"class_list":["post-6537","page","type-page","status-publish","hentry"],"_links":{"self":[{"href":"https:\/\/mskosticka.cz\/veverky\/wp-json\/wp\/v2\/pages\/6537","targetHints":{"allow":["GET"]}}],"collection":[{"href":"https:\/\/mskosticka.cz\/veverky\/wp-json\/wp\/v2\/pages"}],"about":[{"href":"https:\/\/mskosticka.cz\/veverky\/wp-json\/wp\/v2\/types\/page"}],"author":[{"embeddable":true,"href":"https:\/\/mskosticka.cz\/veverky\/wp-json\/wp\/v2\/users\/2"}],"replies":[{"embeddable":true,"href":"https:\/\/mskosticka.cz\/veverky\/wp-json\/wp\/v2\/comments?post=6537"}],"version-history":[{"count":40,"href":"https:\/\/mskosticka.cz\/veverky\/wp-json\/wp\/v2\/pages\/6537\/revisions"}],"predecessor-version":[{"id":24605,"href":"https:\/\/mskosticka.cz\/veverky\/wp-json\/wp\/v2\/pages\/6537\/revisions\/24605"}],"wp:attachment":[{"href":"https:\/\/mskosticka.cz\/veverky\/wp-json\/wp\/v2\/media?parent=6537"}],"curies":[{"name":"wp","href":"https:\/\/api.w.org\/{rel}","templated":true}]}}