{"id":6547,"date":"2018-10-08T18:50:21","date_gmt":"2018-10-08T16:50:21","guid":{"rendered":"http:\/\/misc.david-stary.cz\/mskosticka\/www\/veverky\/?page_id=6547"},"modified":"2026-01-05T21:29:21","modified_gmt":"2026-01-05T20:29:21","slug":"ciperka","status":"publish","type":"page","link":"https:\/\/mskosticka.cz\/veverky\/tridy\/ciperka\/","title":{"rendered":"veverka \u010ciperka"},"content":{"rendered":"<div class=\"wp-block-image\">\n<figure class=\"alignright size-full is-resized\"><img loading=\"lazy\" decoding=\"async\" width=\"768\" height=\"1024\" src=\"https:\/\/mskosticka.cz\/veverky\/wp-content\/uploads\/sites\/3\/2026\/01\/Ciperka.jpg\" alt=\"\" class=\"wp-image-24551\" style=\"width:318px;height:auto\" \/><\/figure><\/div>\n\n\n<p><strong><br>T\u0159\u00edda veverky \u010ciperky<\/strong><\/p>\n\n\n\n<p><\/p>\n\n\n\n<p>v\u011bkov\u00e9 slo\u017een\u00ed d\u011bt\u00ed: 3 &#8211; 5 let<\/p>\n\n\n\n<p><span style=\"font-size: 1.0625rem;letter-spacing: -0.0625rem\">telefon do t\u0159\u00eddy:&nbsp;<\/span>+420 734 851 860<\/p>\n\n\n\n<p><em><strong>Pan\u00ed u\u010ditelky<\/strong><\/em><\/p>\n\n\n\n<p><strong>Tereza Bou\u0161kov\u00e1 &#8211;<\/strong> Vystudovala pedagogickou \u0161kolu v Mlad\u00e9 Boleslavi Na Karmeli, obor p\u0159ed\u0161koln\u00ed a mimo\u0161koln\u00ed pedagogika. P\u011bt let pom\u00e1hala s organizac\u00ed p\u0159\u00edm\u011bstsk\u00fdch t\u00e1bor\u016f v Milovic\u00edch. R\u00e1da \u010dte knihy r\u016fzn\u00fdch \u017e\u00e1nr\u016f, poslouch\u00e1 hudbu, tancuje a hraje na klav\u00edr a kytaru. Zaj\u00edm\u00e1 se o divadlo a \u010deskou i zahrani\u010dn\u00edch kinematografii. Nejv\u00edce voln\u00e9ho \u010dasu v\u0161ak tr\u00e1v\u00ed psan\u00edm p\u0159\u00edb\u011bh\u016f, \u010d\u00edm\u017e se zab\u00fdv\u00e1 ji\u017e n\u011bkolik let. V\u011bnuje se takt\u00e9\u017e vytv\u00e1\u0159en\u00ed r\u016fzn\u00fdch grafick\u00fdch n\u00e1vrh\u016f.<\/p>\n\n\n\n<p><strong>Denisa Goralov\u00e1<\/strong> &#8211; Vystudovala obor p\u0159ed\u0161koln\u00ed a mimo\u0161koln\u00ed pedagogika v Mlad\u00e9 Boleslavi. Pr\u00e1ce s d\u011btmi ji bav\u00ed a napl\u0148uje. Ve voln\u00e9m \u010dase r\u00e1da tvo\u0159\u00ed, pe\u010de, cestuje, cvi\u010d\u00ed a tak\u00e9 p\u0159\u00edle\u017eitostn\u011b hl\u00edd\u00e1 d\u011bti.<\/p>\n<p><strong>Martina B\u00edlkov\u00e1<\/strong> &#8211; asistentka pedagoga &#8211; Poch\u00e1z\u00ed z Lys\u00e9 nad Labem, vystudovala st\u0159edn\u00ed odbornou \u0161kolu v oboru soci\u00e1ln\u00ed \u010dinnost. V r\u00e1mci sv\u00e9ho profesn\u00edho rozvoje absolvovala kurz asistenta pedagoga a nav\u0161t\u011bvovala jazykovou \u0161kolu. R\u00e1da se v\u011bnuje osobn\u00edmu r\u016fstu, r\u00e1da tr\u00e1v\u00ed \u010das v p\u0159\u00edrod\u011b, \u010dte a hraje na piano.<\/p>\n","protected":false},"excerpt":{"rendered":"<p>T\u0159\u00edda veverky \u010ciperky v\u011bkov\u00e9 slo\u017een\u00ed d\u011bt\u00ed: 3 &#8211; 5 let telefon do t\u0159\u00eddy:&nbsp;+420 734 851 860 Pan\u00ed u\u010ditelky Tereza Bou\u0161kov\u00e1 &hellip;<\/p>\n","protected":false},"author":2,"featured_media":6758,"parent":41,"menu_order":1,"comment_status":"closed","ping_status":"closed","template":"classes.php","meta":{"footnotes":""},"class_list":["post-6547","page","type-page","status-publish","has-post-thumbnail","hentry"],"_links":{"self":[{"href":"https:\/\/mskosticka.cz\/veverky\/wp-json\/wp\/v2\/pages\/6547","targetHints":{"allow":["GET"]}}],"collection":[{"href":"https:\/\/mskosticka.cz\/veverky\/wp-json\/wp\/v2\/pages"}],"about":[{"href":"https:\/\/mskosticka.cz\/veverky\/wp-json\/wp\/v2\/types\/page"}],"author":[{"embeddable":true,"href":"https:\/\/mskosticka.cz\/veverky\/wp-json\/wp\/v2\/users\/2"}],"replies":[{"embeddable":true,"href":"https:\/\/mskosticka.cz\/veverky\/wp-json\/wp\/v2\/comments?post=6547"}],"version-history":[{"count":25,"href":"https:\/\/mskosticka.cz\/veverky\/wp-json\/wp\/v2\/pages\/6547\/revisions"}],"predecessor-version":[{"id":24562,"href":"https:\/\/mskosticka.cz\/veverky\/wp-json\/wp\/v2\/pages\/6547\/revisions\/24562"}],"up":[{"embeddable":true,"href":"https:\/\/mskosticka.cz\/veverky\/wp-json\/wp\/v2\/pages\/41"}],"wp:featuredmedia":[{"embeddable":true,"href":"https:\/\/mskosticka.cz\/veverky\/wp-json\/wp\/v2\/media\/6758"}],"wp:attachment":[{"href":"https:\/\/mskosticka.cz\/veverky\/wp-json\/wp\/v2\/media?parent=6547"}],"curies":[{"name":"wp","href":"https:\/\/api.w.org\/{rel}","templated":true}]}}