{"id":6551,"date":"2018-10-08T18:51:11","date_gmt":"2018-10-08T16:51:11","guid":{"rendered":"http:\/\/misc.david-stary.cz\/mskosticka\/www\/veverky\/?page_id=6551"},"modified":"2026-01-05T21:28:49","modified_gmt":"2026-01-05T20:28:49","slug":"louskalka","status":"publish","type":"page","link":"https:\/\/mskosticka.cz\/veverky\/tridy\/louskalka\/","title":{"rendered":"veverka Louskalka"},"content":{"rendered":"<div class=\"wp-block-image\">\n<figure class=\"alignright size-full is-resized\"><img loading=\"lazy\" decoding=\"async\" width=\"768\" height=\"1024\" src=\"https:\/\/mskosticka.cz\/veverky\/wp-content\/uploads\/sites\/3\/2026\/01\/Louskalka.jpg\" alt=\"\" class=\"wp-image-24549\" style=\"width:361px;height:auto\" \/><\/figure><\/div>\n\n\n<p><strong>T\u0159\u00edda veverky Louskalky<\/strong><\/p>\n\n\n\n<p>v\u011bkov\u00e9 slo\u017een\u00ed d\u011bt\u00ed: 3 &#8211; 5 let<\/p>\n\n\n\n<p>telefon do t\u0159\u00eddy:&nbsp;+420 736 646 956<\/p>\n\n\n\n<p><em><strong>Pan\u00ed u\u010ditelky<\/strong><\/em><\/p>\n\n\n\n<p><strong>Kate\u0159ina \u010celustkov\u00e1\u00a0\u2013<\/strong> z\u00e1stupkyn\u011b \u0159editelky &#8211; vystudovala SPg\u0160 \u2013 obor \u201eU\u010ditelstv\u00ed pro M\u0160\u201c. Zaj\u00edm\u00e1 se o hudbu, zp\u011bv, dramatickou a v\u00fdtvarnou v\u00fdchovu, v\u011bnuje se amat\u00e9rsky divadlu. Bav\u00ed j\u00ed hra na r\u016fzn\u00e9 hudebn\u00ed n\u00e1stroje, mimo jin\u00e9 klav\u00edr a kytara.<\/p>\n\n\n\n<p><strong>Ad\u00e9la Palasov\u00e1 &#8211;<\/strong>\u00a0Vr\u00e1tila se do \u0161kolky po mate\u0159sk\u00e9 dovolen\u00e9, m\u00e1 dv\u011b d\u011bti Ellu a Sebastiana. Vystudovala Pedagogickou \u0161kolu v Praze Dejvic\u00edch. M\u00e1 r\u00e1da proch\u00e1zky p\u0159\u00edrodou, spole\u010densk\u00e9 hry , j\u00edzdu na kole\u010dkov\u00fdch brusl\u00edch a \u010das tr\u00e1ven\u00fd s rodinou.<\/p>\n\n\n\n<p><strong>Bc. Veronika Doubkov\u00e1 &#8211;<\/strong> Veronika m\u00e1 dceru Josef\u00ednu, vystudovala p\u0159ed\u0161koln\u00ed a mimo\u0161koln\u00ed pedagogiku na St\u0159edn\u00ed pedagogick\u00e9 \u0161kole v Praze. D\u00e1le pokra\u010dovala v bakal\u00e1\u0159sk\u00e9m studiu na \u010cVUT v Praze, obor Person\u00e1ln\u00ed management. Po st\u0159edn\u00ed \u0161kole se sna\u017eila skloubit sv\u00e9 t\u0159i v\u00e1\u0161n\u011b: cestov\u00e1n\u00ed, sport a pr\u00e1ci s d\u011btmi. D\u00edky tomu tr\u00e1vila spoustu let v zahrani\u010d\u00ed jako deleg\u00e1tka a vedouc\u00ed anima\u010dn\u00edho t\u00fdmu. V oblasti pedagogiky z\u00edskala praxi jako u\u010ditelka v soukrom\u00e9 \u010cesko-anglick\u00e9 mate\u0159sk\u00e9 \u0161kole.<\/p>\n\n\n\n<p><strong>Jana Skuhrav\u00e1<\/strong> &#8211; asistentka pedagoga &#8211; Jana m\u011bla p\u016fvodn\u011b bl\u00edzko ke kade\u0159nick\u00e9mu \u0159emeslu, ale nakonec ji srdce p\u0159ivedlo k d\u011btem do mate\u0159sk\u00e9 \u0161koly. Doplnila si vzd\u011bl\u00e1n\u00ed a dnes pracuje ve \u0161kolce, kde propojuje svou kreativitu s l\u00e1skou k nejmen\u0161\u00edm. Mezi jej\u00ed kon\u00ed\u010dky pat\u0159\u00ed sport, proch\u00e1zky v p\u0159\u00edrod\u011b, kam ji doprov\u00e1z\u00ed syn Jakub.<\/p>\n","protected":false},"excerpt":{"rendered":"<p>T\u0159\u00edda veverky Louskalky v\u011bkov\u00e9 slo\u017een\u00ed d\u011bt\u00ed: 3 &#8211; 5 let telefon do t\u0159\u00eddy:&nbsp;+420 736 646 956 Pan\u00ed u\u010ditelky Kate\u0159ina \u010celustkov\u00e1\u00a0\u2013 &hellip;<\/p>\n","protected":false},"author":2,"featured_media":6756,"parent":41,"menu_order":3,"comment_status":"closed","ping_status":"closed","template":"classes.php","meta":{"footnotes":""},"class_list":["post-6551","page","type-page","status-publish","has-post-thumbnail","hentry"],"_links":{"self":[{"href":"https:\/\/mskosticka.cz\/veverky\/wp-json\/wp\/v2\/pages\/6551","targetHints":{"allow":["GET"]}}],"collection":[{"href":"https:\/\/mskosticka.cz\/veverky\/wp-json\/wp\/v2\/pages"}],"about":[{"href":"https:\/\/mskosticka.cz\/veverky\/wp-json\/wp\/v2\/types\/page"}],"author":[{"embeddable":true,"href":"https:\/\/mskosticka.cz\/veverky\/wp-json\/wp\/v2\/users\/2"}],"replies":[{"embeddable":true,"href":"https:\/\/mskosticka.cz\/veverky\/wp-json\/wp\/v2\/comments?post=6551"}],"version-history":[{"count":24,"href":"https:\/\/mskosticka.cz\/veverky\/wp-json\/wp\/v2\/pages\/6551\/revisions"}],"predecessor-version":[{"id":24561,"href":"https:\/\/mskosticka.cz\/veverky\/wp-json\/wp\/v2\/pages\/6551\/revisions\/24561"}],"up":[{"embeddable":true,"href":"https:\/\/mskosticka.cz\/veverky\/wp-json\/wp\/v2\/pages\/41"}],"wp:featuredmedia":[{"embeddable":true,"href":"https:\/\/mskosticka.cz\/veverky\/wp-json\/wp\/v2\/media\/6756"}],"wp:attachment":[{"href":"https:\/\/mskosticka.cz\/veverky\/wp-json\/wp\/v2\/media?parent=6551"}],"curies":[{"name":"wp","href":"https:\/\/api.w.org\/{rel}","templated":true}]}}