{"id":6553,"date":"2018-10-08T18:51:41","date_gmt":"2018-10-08T16:51:41","guid":{"rendered":"http:\/\/misc.david-stary.cz\/mskosticka\/www\/veverky\/?page_id=6553"},"modified":"2026-01-05T21:33:47","modified_gmt":"2026-01-05T20:33:47","slug":"zrzecka","status":"publish","type":"page","link":"https:\/\/mskosticka.cz\/veverky\/tridy\/zrzecka\/","title":{"rendered":"veverka Zrze\u010dka"},"content":{"rendered":"<div class=\"wp-block-image\">\n<figure class=\"alignright size-large is-resized\"><img loading=\"lazy\" decoding=\"async\" width=\"912\" height=\"1180\" src=\"https:\/\/mskosticka.cz\/veverky\/wp-content\/uploads\/sites\/3\/2026\/01\/Zrzecka-912x1180.jpg\" alt=\"\" class=\"wp-image-24563\" style=\"width:397px;height:auto\" \/><\/figure><\/div>\n\n\n<p><strong>T\u0159\u00edda veverky Zrze\u010dky<\/strong><\/p>\n\n\n\n<p>v\u011bkov\u00e9 slo\u017een\u00ed d\u011bt\u00ed: 5 &#8211; 7 let,<\/p>\n\n\n\n<p>telefon do t\u0159\u00eddy:&nbsp;+420 731 610 615<\/p>\n\n\n\n<p><strong><em>Pan\u00ed u\u010ditelky<\/em><\/strong><\/p>\n\n\n\n<p><strong>Alice Kratochv\u00edlov\u00e1<\/strong> \u2013\u00a0Alice vystudovala St\u0159edn\u00ed um\u011bleckou \u0161kolu, d\u00e1le pokra\u010dovala studiem na Vysok\u00e9 \u0161kole v Liberci, obor u\u010ditelstv\u00ed 1. stupn\u011b. P\u0159i \u0161kole u\u017e u\u010dila na Z\u0160. Po mate\u0159sk\u00e9 dovolen\u00e9, na kterou nastoupila b\u011bhem studia, se musela pln\u011b v\u011bnovat sv\u00e9mu synovi, kter\u00fd je sluchov\u011b posti\u017een\u00fd. R\u00e1da pracuje s d\u011btmi, a proto pozd\u011bji vystudovala St\u0159edn\u00ed pedagogickou \u0161kolu v Beroun\u011b, obor p\u0159ed\u0161koln\u00ed a mimo\u0161koln\u00ed pedagogika. Ve \u0161kolce m\u00e1 9 let pedagogickou praxi. Je instruktorkou v alpsk\u00e9m ly\u017eov\u00e1n\u00ed a aktivn\u011b se v\u011bnuje nesly\u0161\u00edc\u00edm sportovc\u016fm v z\u00e1vodn\u00edm ly\u017eov\u00e1n\u00ed. Neust\u00e1le se zdokonaluje ve znakov\u00e9m jazyce.<\/p>\n\n\n\n<p><strong>Kate\u0159ina Holanov\u00e1&nbsp;\u2013<\/strong>&nbsp;Katka vystudovala Spg\u0160 v Obratani, obor p\u0159ed\u0161koln\u00ed a mimo\u0161koln\u00ed pedagogika. Jej\u00ed dal\u0161\u00ed profesn\u00ed kvalifikac\u00ed je ch\u016fva pro d\u011bti 0-7let. M\u00e1 t\u0159i d\u011bti a bydl\u00ed v Milovic\u00edch. Mezi jej\u00ed kon\u00ed\u010dky pat\u0159\u00ed j\u00f3ga, tvo\u0159en\u00ed, cestov\u00e1n\u00ed, p\u0159\u00edroda.<\/p>\n\n\n\n<p><strong>Eli\u0161ka \u010cervenkov\u00e1 &#8211;<\/strong> asistentka pedagoga &#8211; Eli\u0161ka vystudovala st\u0159edn\u00ed pedagogickou \u0161kolu v Litom\u011b\u0159ic\u00edch- obor pedagogick\u00e9 lyceum, nyn\u00ed studuje vysokou \u0161kolu obor soci\u00e1ln\u00ed patologie, proto\u017ee chce pom\u00e1hat lidem. Zaj\u00edm\u00e1 se o politiku, pr\u00e1va \u017een a pomoc zv\u00ed\u0159at\u016fm. R\u00e1da pe\u010de a \u010dte knihy.<\/p>\n","protected":false},"excerpt":{"rendered":"<p>T\u0159\u00edda veverky Zrze\u010dky v\u011bkov\u00e9 slo\u017een\u00ed d\u011bt\u00ed: 5 &#8211; 7 let, telefon do t\u0159\u00eddy:&nbsp;+420 731 610 615 Pan\u00ed u\u010ditelky Alice Kratochv\u00edlov\u00e1 &hellip;<\/p>\n","protected":false},"author":2,"featured_media":6755,"parent":41,"menu_order":4,"comment_status":"closed","ping_status":"closed","template":"classes.php","meta":{"footnotes":""},"class_list":["post-6553","page","type-page","status-publish","has-post-thumbnail","hentry"],"_links":{"self":[{"href":"https:\/\/mskosticka.cz\/veverky\/wp-json\/wp\/v2\/pages\/6553","targetHints":{"allow":["GET"]}}],"collection":[{"href":"https:\/\/mskosticka.cz\/veverky\/wp-json\/wp\/v2\/pages"}],"about":[{"href":"https:\/\/mskosticka.cz\/veverky\/wp-json\/wp\/v2\/types\/page"}],"author":[{"embeddable":true,"href":"https:\/\/mskosticka.cz\/veverky\/wp-json\/wp\/v2\/users\/2"}],"replies":[{"embeddable":true,"href":"https:\/\/mskosticka.cz\/veverky\/wp-json\/wp\/v2\/comments?post=6553"}],"version-history":[{"count":16,"href":"https:\/\/mskosticka.cz\/veverky\/wp-json\/wp\/v2\/pages\/6553\/revisions"}],"predecessor-version":[{"id":24565,"href":"https:\/\/mskosticka.cz\/veverky\/wp-json\/wp\/v2\/pages\/6553\/revisions\/24565"}],"up":[{"embeddable":true,"href":"https:\/\/mskosticka.cz\/veverky\/wp-json\/wp\/v2\/pages\/41"}],"wp:featuredmedia":[{"embeddable":true,"href":"https:\/\/mskosticka.cz\/veverky\/wp-json\/wp\/v2\/media\/6755"}],"wp:attachment":[{"href":"https:\/\/mskosticka.cz\/veverky\/wp-json\/wp\/v2\/media?parent=6553"}],"curies":[{"name":"wp","href":"https:\/\/api.w.org\/{rel}","templated":true}]}}