{"id":8754,"date":"2020-03-03T22:44:07","date_gmt":"2020-03-03T21:44:07","guid":{"rendered":"http:\/\/www.mskosticka.cz\/veverky\/?page_id=8754"},"modified":"2020-08-27T10:46:27","modified_gmt":"2020-08-27T08:46:27","slug":"den-otevrenych-dveri-2","status":"publish","type":"page","link":"https:\/\/mskosticka.cz\/veverky\/aktuality\/den-otevrenych-dveri-2\/","title":{"rendered":"Den otev\u0159en\u00fdch dve\u0159\u00ed"},"content":{"rendered":"<p><img loading=\"lazy\" decoding=\"async\" class=\"alignnone wp-image-8763\" src=\"http:\/\/www.mskosticka.cz\/veverky\/wp-content\/uploads\/sites\/3\/2020\/03\/prava_den_otevrenych_dveri-300x212.png\" alt=\"\" width=\"636\" height=\"449\" \/><\/p>\n","protected":false},"excerpt":{"rendered":"","protected":false},"author":2,"featured_media":0,"parent":8844,"menu_order":0,"comment_status":"closed","ping_status":"closed","template":"news.php","meta":{"footnotes":""},"class_list":["post-8754","page","type-page","status-publish","hentry"],"_links":{"self":[{"href":"https:\/\/mskosticka.cz\/veverky\/wp-json\/wp\/v2\/pages\/8754","targetHints":{"allow":["GET"]}}],"collection":[{"href":"https:\/\/mskosticka.cz\/veverky\/wp-json\/wp\/v2\/pages"}],"about":[{"href":"https:\/\/mskosticka.cz\/veverky\/wp-json\/wp\/v2\/types\/page"}],"author":[{"embeddable":true,"href":"https:\/\/mskosticka.cz\/veverky\/wp-json\/wp\/v2\/users\/2"}],"replies":[{"embeddable":true,"href":"https:\/\/mskosticka.cz\/veverky\/wp-json\/wp\/v2\/comments?post=8754"}],"version-history":[{"count":6,"href":"https:\/\/mskosticka.cz\/veverky\/wp-json\/wp\/v2\/pages\/8754\/revisions"}],"predecessor-version":[{"id":8764,"href":"https:\/\/mskosticka.cz\/veverky\/wp-json\/wp\/v2\/pages\/8754\/revisions\/8764"}],"up":[{"embeddable":true,"href":"https:\/\/mskosticka.cz\/veverky\/wp-json\/wp\/v2\/pages\/8844"}],"wp:attachment":[{"href":"https:\/\/mskosticka.cz\/veverky\/wp-json\/wp\/v2\/media?parent=8754"}],"curies":[{"name":"wp","href":"https:\/\/api.w.org\/{rel}","templated":true}]}}