{"id":8765,"date":"2020-03-13T18:22:57","date_gmt":"2020-03-13T17:22:57","guid":{"rendered":"http:\/\/www.mskosticka.cz\/veverky\/?page_id=8765"},"modified":"2020-08-27T10:46:33","modified_gmt":"2020-08-27T08:46:33","slug":"info_korona","status":"publish","type":"page","link":"https:\/\/mskosticka.cz\/veverky\/aktuality\/info_korona\/","title":{"rendered":"Aktu\u00e1ln\u00ed informace pro rodi\u010de"},"content":{"rendered":"<p><a href=\"http:\/\/www.mskosticka.cz\/veverky\/wp-content\/uploads\/sites\/3\/2020\/03\/Omezen\u00ed-provozu-po-a-M\u011b\u00da-Milovice.pdf\">Omezen\u00ed provozu po a M\u011b\u00da Milovice<\/a><\/p>\n","protected":false},"excerpt":{"rendered":"<p>Omezen\u00ed provozu po a M\u011b\u00da Milovice<\/p>\n","protected":false},"author":2,"featured_media":0,"parent":8844,"menu_order":0,"comment_status":"closed","ping_status":"closed","template":"news.php","meta":{"footnotes":""},"class_list":["post-8765","page","type-page","status-publish","hentry"],"_links":{"self":[{"href":"https:\/\/mskosticka.cz\/veverky\/wp-json\/wp\/v2\/pages\/8765","targetHints":{"allow":["GET"]}}],"collection":[{"href":"https:\/\/mskosticka.cz\/veverky\/wp-json\/wp\/v2\/pages"}],"about":[{"href":"https:\/\/mskosticka.cz\/veverky\/wp-json\/wp\/v2\/types\/page"}],"author":[{"embeddable":true,"href":"https:\/\/mskosticka.cz\/veverky\/wp-json\/wp\/v2\/users\/2"}],"replies":[{"embeddable":true,"href":"https:\/\/mskosticka.cz\/veverky\/wp-json\/wp\/v2\/comments?post=8765"}],"version-history":[{"count":5,"href":"https:\/\/mskosticka.cz\/veverky\/wp-json\/wp\/v2\/pages\/8765\/revisions"}],"predecessor-version":[{"id":8778,"href":"https:\/\/mskosticka.cz\/veverky\/wp-json\/wp\/v2\/pages\/8765\/revisions\/8778"}],"up":[{"embeddable":true,"href":"https:\/\/mskosticka.cz\/veverky\/wp-json\/wp\/v2\/pages\/8844"}],"wp:attachment":[{"href":"https:\/\/mskosticka.cz\/veverky\/wp-json\/wp\/v2\/media?parent=8765"}],"curies":[{"name":"wp","href":"https:\/\/api.w.org\/{rel}","templated":true}]}}