{"id":8828,"date":"2020-05-27T22:12:26","date_gmt":"2020-05-27T20:12:26","guid":{"rendered":"http:\/\/www.mskosticka.cz\/veverky\/?page_id=8828"},"modified":"2020-08-27T10:51:10","modified_gmt":"2020-08-27T08:51:10","slug":"zruseni-skolky-v-prirode","status":"publish","type":"page","link":"https:\/\/mskosticka.cz\/veverky\/aktuality\/zruseni-skolky-v-prirode\/","title":{"rendered":"Zru\u0161en\u00ed \u0161kolky v p\u0159\u00edrod\u011b"},"content":{"rendered":"<p><a href=\"http:\/\/www.mskosticka.cz\/veverky\/wp-content\/uploads\/sites\/3\/2020\/05\/mimoradne_opatreni_Covid19.pdf\">Mimo\u0159\u00e1dn\u00e9 opat\u0159en\u00ed, kter\u00e9 vydalo Ministerstvo Zdravotnictv\u00ed<\/a><\/p>\n","protected":false},"excerpt":{"rendered":"<p>Mimo\u0159\u00e1dn\u00e9 opat\u0159en\u00ed, kter\u00e9 vydalo Ministerstvo Zdravotnictv\u00ed<\/p>\n","protected":false},"author":2,"featured_media":0,"parent":8844,"menu_order":0,"comment_status":"closed","ping_status":"closed","template":"news.php","meta":{"footnotes":""},"class_list":["post-8828","page","type-page","status-publish","hentry"],"_links":{"self":[{"href":"https:\/\/mskosticka.cz\/veverky\/wp-json\/wp\/v2\/pages\/8828","targetHints":{"allow":["GET"]}}],"collection":[{"href":"https:\/\/mskosticka.cz\/veverky\/wp-json\/wp\/v2\/pages"}],"about":[{"href":"https:\/\/mskosticka.cz\/veverky\/wp-json\/wp\/v2\/types\/page"}],"author":[{"embeddable":true,"href":"https:\/\/mskosticka.cz\/veverky\/wp-json\/wp\/v2\/users\/2"}],"replies":[{"embeddable":true,"href":"https:\/\/mskosticka.cz\/veverky\/wp-json\/wp\/v2\/comments?post=8828"}],"version-history":[{"count":3,"href":"https:\/\/mskosticka.cz\/veverky\/wp-json\/wp\/v2\/pages\/8828\/revisions"}],"predecessor-version":[{"id":8832,"href":"https:\/\/mskosticka.cz\/veverky\/wp-json\/wp\/v2\/pages\/8828\/revisions\/8832"}],"up":[{"embeddable":true,"href":"https:\/\/mskosticka.cz\/veverky\/wp-json\/wp\/v2\/pages\/8844"}],"wp:attachment":[{"href":"https:\/\/mskosticka.cz\/veverky\/wp-json\/wp\/v2\/media?parent=8828"}],"curies":[{"name":"wp","href":"https:\/\/api.w.org\/{rel}","templated":true}]}}