{"id":8835,"date":"2020-08-26T22:18:04","date_gmt":"2020-08-26T20:18:04","guid":{"rendered":"http:\/\/www.mskosticka.cz\/veverky\/?page_id=8835"},"modified":"2020-08-27T10:51:40","modified_gmt":"2020-08-27T08:51:40","slug":"informace-k-novemu-skolnimu-roku-2020-2021","status":"publish","type":"page","link":"https:\/\/mskosticka.cz\/veverky\/aktuality\/informace-k-novemu-skolnimu-roku-2020-2021\/","title":{"rendered":"Informace k nov\u00e9mu \u0161koln\u00edmu roku 2020 \/ 2021"},"content":{"rendered":"<p>V\u00e1\u017een\u00ed rodi\u010de,<\/p>\n<p>pros\u00edme v\u00e1s, abyste prvn\u00ed den p\u0159ivedli va\u0161e d\u00edt\u011b do \u0161kolky do 8 hodin.<\/p>\n<p>Rozm\u00edst\u011bn\u00ed d\u011bt\u00ed do t\u0159\u00edd bude naps\u00e1no u vchodu do budovy M\u0160 U Veverek.<\/p>\n<p>Na n\u00e1st\u011bnk\u00e1ch v \u0161atn\u00e1ch budou naps\u00e1na tel.\u010d\u00edsla jednotliv\u00fdch t\u0159\u00edd, ta si pros\u00edm opi\u0161te.<\/p>\n<p>Dal\u0161\u00ed informace se dozv\u00edte od pan\u00ed u\u010ditelek ve t\u0159\u00edd\u00e1ch.<\/p>\n<p>T\u0159\u00eddn\u00ed sch\u016fzky, kde budete sezn\u00e1men\u00ed se \u0161koln\u00edm programem a dal\u0161\u00edmi dokumenty, t\u00e9\u017e s platbami a akcemi M\u0160, budou 10.z\u00e1\u0159\u00ed od 17 hodin ve \u0161kolce v jednotliv\u00fdch t\u0159\u00edd\u00e1ch.<\/p>\n<p>Do t\u00e9 doby pros\u00edm nic nikam nepla\u0165te, na t\u0159.sch\u016fzk\u00e1ch se dozv\u00edte va\u0161e kontroln\u00ed \u010d\u00edslo (variabiln\u00ed symbol na platby do Kosti\u010dky). T\u00e9\u017e dostanete pro va\u0161e d\u00edt\u011b p\u0159ihl\u00e1\u0161ku ke stravov\u00e1n\u00ed.<\/p>\n<p>D\u011bkujeme v\u00e1m za pochopen\u00ed a t\u011b\u0161\u00edme se na v\u00e1s i va\u0161e d\u011bti \ud83d\ude42<\/p>\n","protected":false},"excerpt":{"rendered":"<p>V\u00e1\u017een\u00ed rodi\u010de, pros\u00edme v\u00e1s, abyste prvn\u00ed den p\u0159ivedli va\u0161e d\u00edt\u011b do \u0161kolky do 8 hodin. Rozm\u00edst\u011bn\u00ed d\u011bt\u00ed do t\u0159\u00edd bude &hellip;<\/p>\n","protected":false},"author":2,"featured_media":0,"parent":8844,"menu_order":0,"comment_status":"closed","ping_status":"closed","template":"news.php","meta":{"footnotes":""},"class_list":["post-8835","page","type-page","status-publish","hentry"],"_links":{"self":[{"href":"https:\/\/mskosticka.cz\/veverky\/wp-json\/wp\/v2\/pages\/8835","targetHints":{"allow":["GET"]}}],"collection":[{"href":"https:\/\/mskosticka.cz\/veverky\/wp-json\/wp\/v2\/pages"}],"about":[{"href":"https:\/\/mskosticka.cz\/veverky\/wp-json\/wp\/v2\/types\/page"}],"author":[{"embeddable":true,"href":"https:\/\/mskosticka.cz\/veverky\/wp-json\/wp\/v2\/users\/2"}],"replies":[{"embeddable":true,"href":"https:\/\/mskosticka.cz\/veverky\/wp-json\/wp\/v2\/comments?post=8835"}],"version-history":[{"count":1,"href":"https:\/\/mskosticka.cz\/veverky\/wp-json\/wp\/v2\/pages\/8835\/revisions"}],"predecessor-version":[{"id":8836,"href":"https:\/\/mskosticka.cz\/veverky\/wp-json\/wp\/v2\/pages\/8835\/revisions\/8836"}],"up":[{"embeddable":true,"href":"https:\/\/mskosticka.cz\/veverky\/wp-json\/wp\/v2\/pages\/8844"}],"wp:attachment":[{"href":"https:\/\/mskosticka.cz\/veverky\/wp-json\/wp\/v2\/media?parent=8835"}],"curies":[{"name":"wp","href":"https:\/\/api.w.org\/{rel}","templated":true}]}}