{"id":9367,"date":"2020-10-31T20:51:42","date_gmt":"2020-10-31T19:51:42","guid":{"rendered":"http:\/\/www.mskosticka.cz\/veverky\/?page_id=9367"},"modified":"2020-10-31T21:08:14","modified_gmt":"2020-10-31T20:08:14","slug":"opetovne-zahajeni-provozu-u-veverek","status":"publish","type":"page","link":"https:\/\/mskosticka.cz\/veverky\/aktuality\/opetovne-zahajeni-provozu-u-veverek\/","title":{"rendered":"Op\u011btovn\u00e9 zah\u00e1jen\u00ed provozu M\u0160 U Veverek"},"content":{"rendered":"<p><a href=\"http:\/\/www.mskosticka.cz\/veverky\/wp-content\/uploads\/sites\/3\/2020\/10\/otevreni_MS_2-11-2020.pdf\">Otev\u0159en\u00ed M\u0160 U Veverek 2.11.2020<\/a><\/p>\n","protected":false},"excerpt":{"rendered":"<p>Otev\u0159en\u00ed M\u0160 U Veverek 2.11.2020<\/p>\n","protected":false},"author":2,"featured_media":9372,"parent":8844,"menu_order":0,"comment_status":"closed","ping_status":"closed","template":"news.php","meta":{"footnotes":""},"class_list":["post-9367","page","type-page","status-publish","has-post-thumbnail","hentry"],"_links":{"self":[{"href":"https:\/\/mskosticka.cz\/veverky\/wp-json\/wp\/v2\/pages\/9367","targetHints":{"allow":["GET"]}}],"collection":[{"href":"https:\/\/mskosticka.cz\/veverky\/wp-json\/wp\/v2\/pages"}],"about":[{"href":"https:\/\/mskosticka.cz\/veverky\/wp-json\/wp\/v2\/types\/page"}],"author":[{"embeddable":true,"href":"https:\/\/mskosticka.cz\/veverky\/wp-json\/wp\/v2\/users\/2"}],"replies":[{"embeddable":true,"href":"https:\/\/mskosticka.cz\/veverky\/wp-json\/wp\/v2\/comments?post=9367"}],"version-history":[{"count":5,"href":"https:\/\/mskosticka.cz\/veverky\/wp-json\/wp\/v2\/pages\/9367\/revisions"}],"predecessor-version":[{"id":9374,"href":"https:\/\/mskosticka.cz\/veverky\/wp-json\/wp\/v2\/pages\/9367\/revisions\/9374"}],"up":[{"embeddable":true,"href":"https:\/\/mskosticka.cz\/veverky\/wp-json\/wp\/v2\/pages\/8844"}],"wp:featuredmedia":[{"embeddable":true,"href":"https:\/\/mskosticka.cz\/veverky\/wp-json\/wp\/v2\/media\/9372"}],"wp:attachment":[{"href":"https:\/\/mskosticka.cz\/veverky\/wp-json\/wp\/v2\/media?parent=9367"}],"curies":[{"name":"wp","href":"https:\/\/api.w.org\/{rel}","templated":true}]}}